{"id":1710,"date":"2021-01-14T18:21:51","date_gmt":"2021-01-14T18:21:51","guid":{"rendered":"https:\/\/especialistasdeldolor.com\/?page_id=1710"},"modified":"2021-01-14T18:22:06","modified_gmt":"2021-01-14T18:22:06","slug":"sindrome-facetario","status":"publish","type":"page","link":"https:\/\/especialistasdeldolor.com\/index.php\/sindrome-facetario\/","title":{"rendered":"S\u00edndrome facetario"},"content":{"rendered":"\n<div class=\"wp-block-image is-style-rounded\"><figure class=\"aligncenter size-large\"><img loading=\"lazy\" decoding=\"async\" width=\"299\" height=\"169\" src=\"https:\/\/especialistasdeldolor.com\/wp-content\/uploads\/2021\/01\/facetario.jpg\" alt=\"\" class=\"wp-image-1711\"\/><\/figure><\/div>\n\n\n\n<p>El s\u00edndrome facetario es aquel que afecta a las articulaciones facetarias, es decir, las articulaciones vertebrales localizadas entre las v\u00e9rtebras, que conectan unas con otras interviniendo en la absorci\u00f3n de cargas. Por tanto, es una patolog\u00eda que desencadena dolor de espalda. Las articulaciones facetarias intervienen en movimientos de rotaci\u00f3n de la columna, por lo que el dolor del s\u00edndrome facetario se manifiesta en actividades como son los giros en la cama.<\/p>\n\n\n\n<p>La raz\u00f3n por la que se produce este s\u00edndrome es su propio desgaste, pero tambi\u00e9n puede estar ocasionado, entre otras causas, por el mantenimiento de malas posturas, por el soporte de grandes cargas de peso o por el uso de calzado inadecuado. Se manifiesta como dolor localizado a un lado o a los dos de la regi\u00f3n lumbar, frecuentemente se extiende por la parte posterior de los muslos y gl\u00fateos. Su tratamiento intervencionista mediante radiofrecuencia guiada por rayos X y ecograf\u00eda, permite un estado asintom\u00e1tico. Durante ese espacio de tiempo en el que el paciente se encuentra sin dolor, el fisioterapeuta, trabajan junto para detectar e incidir sobre la causa desencadenante del dolor.&nbsp;<\/p>\n","protected":false},"excerpt":{"rendered":"<p>El s\u00edndrome facetario es aquel que afecta a las articulaciones facetarias, es decir, las articulaciones vertebrales localizadas entre las v\u00e9rtebras, que conectan unas con otras interviniendo en la absorci\u00f3n de cargas. Por tanto, es una patolog\u00eda que desencadena dolor de espalda. Las articulaciones facetarias intervienen en movimientos de rotaci\u00f3n de la columna, por lo que&hellip; <br \/> <a class=\"read-more\" href=\"https:\/\/especialistasdeldolor.com\/index.php\/sindrome-facetario\/\">Leer m\u00e1s<\/a><\/p>\n","protected":false},"author":1,"featured_media":1690,"parent":0,"menu_order":0,"comment_status":"closed","ping_status":"closed","template":"","meta":{"footnotes":""},"_links":{"self":[{"href":"https:\/\/especialistasdeldolor.com\/index.php\/wp-json\/wp\/v2\/pages\/1710"}],"collection":[{"href":"https:\/\/especialistasdeldolor.com\/index.php\/wp-json\/wp\/v2\/pages"}],"about":[{"href":"https:\/\/especialistasdeldolor.com\/index.php\/wp-json\/wp\/v2\/types\/page"}],"author":[{"embeddable":true,"href":"https:\/\/especialistasdeldolor.com\/index.php\/wp-json\/wp\/v2\/users\/1"}],"replies":[{"embeddable":true,"href":"https:\/\/especialistasdeldolor.com\/index.php\/wp-json\/wp\/v2\/comments?post=1710"}],"version-history":[{"count":1,"href":"https:\/\/especialistasdeldolor.com\/index.php\/wp-json\/wp\/v2\/pages\/1710\/revisions"}],"predecessor-version":[{"id":1712,"href":"https:\/\/especialistasdeldolor.com\/index.php\/wp-json\/wp\/v2\/pages\/1710\/revisions\/1712"}],"wp:featuredmedia":[{"embeddable":true,"href":"https:\/\/especialistasdeldolor.com\/index.php\/wp-json\/wp\/v2\/media\/1690"}],"wp:attachment":[{"href":"https:\/\/especialistasdeldolor.com\/index.php\/wp-json\/wp\/v2\/media?parent=1710"}],"curies":[{"name":"wp","href":"https:\/\/api.w.org\/{rel}","templated":true}]}}