{"id":1708,"date":"2021-01-14T18:18:50","date_gmt":"2021-01-14T18:18:50","guid":{"rendered":"https:\/\/especialistasdeldolor.com\/?page_id=1708"},"modified":"2021-01-14T18:18:50","modified_gmt":"2021-01-14T18:18:50","slug":"enfermedad-degenerativa-de-disco-lumbar","status":"publish","type":"page","link":"https:\/\/especialistasdeldolor.com\/index.php\/enfermedad-degenerativa-de-disco-lumbar\/","title":{"rendered":"Enfermedad degenerativa de disco lumbar"},"content":{"rendered":"\n<div class=\"wp-block-image is-style-rounded\"><figure class=\"aligncenter size-medium\"><img loading=\"lazy\" decoding=\"async\" width=\"300\" height=\"300\" src=\"https:\/\/especialistasdeldolor.com\/wp-content\/uploads\/2021\/01\/dolor-de-columna-300x300.png\" alt=\"\" class=\"wp-image-1509\" srcset=\"https:\/\/especialistasdeldolor.com\/wp-content\/uploads\/2021\/01\/dolor-de-columna-300x300.png 300w, https:\/\/especialistasdeldolor.com\/wp-content\/uploads\/2021\/01\/dolor-de-columna-150x150.png 150w, https:\/\/especialistasdeldolor.com\/wp-content\/uploads\/2021\/01\/dolor-de-columna.png 400w\" sizes=\"(max-width: 300px) 100vw, 300px\" \/><\/figure><\/div>\n\n\n\n<p>Tendr\u00e1n un dolor de grado leve y continuo pero tolerable, el cual ocasionalmente se intensificar\u00e1 durante algunos d\u00edas o m\u00e1s. Los s\u00edntomas pueden variar, pero las caracter\u00edsticas generales suelen ser: Dolor que se centra en la regi\u00f3n lumbar o parte m\u00e1s baja de la espalda, aunque puede irradiarse hacia la cadera y las piernas .La sensaci\u00f3n a menudo se describe m\u00e1s como un dolor intenso en la parte baja de la espalda, que como un dolor lacerante o ardiente que se irradia .Dolor que, con frecuencia, empeora al estar sentado, ya que los discos soportan una carga m\u00e1s pesada que cuando los pacientes est\u00e1n de pie, caminando o incluso acostados.<\/p>\n\n\n\n<p>Mucho tiempo de pie tambi\u00e9n puede agravar el dolor, al igual que inclinarse hacia adelante y levantar un objeto. Dolor que se exacerba con ciertos movimientos, sobre todo de flexi\u00f3n, de torsi\u00f3n o de levantamiento. Los s\u00edntomas graves pueden incluir entumecimiento y hormigueo en las piernas, as\u00ed como dificultad para caminar. Si el espacio intervertebral colapsa suficientemente la ra\u00edz nerviosa que sale en ese nivel particular, puede pinzarse (estenosis foraminal) y esto a su vez puede provocar dolor en la pierna a causa de pinzamiento de la ra\u00edz del nervio (radiculopat\u00eda). Su tratamiento se basa en innovadoras t\u00e9cnicas como la biacuplast\u00eda, con el fin de detener la degeneraci\u00f3n del disco e impedir el desarrollo de lesiones m\u00e1s serias como hernias discales.<\/p>\n","protected":false},"excerpt":{"rendered":"<p>Tendr\u00e1n un dolor de grado leve y continuo pero tolerable, el cual ocasionalmente se intensificar\u00e1 durante algunos d\u00edas o m\u00e1s. Los s\u00edntomas pueden variar, pero las caracter\u00edsticas generales suelen ser: Dolor que se centra en la regi\u00f3n lumbar o parte m\u00e1s baja de la espalda, aunque puede irradiarse hacia la cadera y las piernas .La&hellip; <br \/> <a class=\"read-more\" href=\"https:\/\/especialistasdeldolor.com\/index.php\/enfermedad-degenerativa-de-disco-lumbar\/\">Leer m\u00e1s<\/a><\/p>\n","protected":false},"author":1,"featured_media":1509,"parent":0,"menu_order":0,"comment_status":"closed","ping_status":"closed","template":"","meta":{"footnotes":""},"_links":{"self":[{"href":"https:\/\/especialistasdeldolor.com\/index.php\/wp-json\/wp\/v2\/pages\/1708"}],"collection":[{"href":"https:\/\/especialistasdeldolor.com\/index.php\/wp-json\/wp\/v2\/pages"}],"about":[{"href":"https:\/\/especialistasdeldolor.com\/index.php\/wp-json\/wp\/v2\/types\/page"}],"author":[{"embeddable":true,"href":"https:\/\/especialistasdeldolor.com\/index.php\/wp-json\/wp\/v2\/users\/1"}],"replies":[{"embeddable":true,"href":"https:\/\/especialistasdeldolor.com\/index.php\/wp-json\/wp\/v2\/comments?post=1708"}],"version-history":[{"count":1,"href":"https:\/\/especialistasdeldolor.com\/index.php\/wp-json\/wp\/v2\/pages\/1708\/revisions"}],"predecessor-version":[{"id":1709,"href":"https:\/\/especialistasdeldolor.com\/index.php\/wp-json\/wp\/v2\/pages\/1708\/revisions\/1709"}],"wp:featuredmedia":[{"embeddable":true,"href":"https:\/\/especialistasdeldolor.com\/index.php\/wp-json\/wp\/v2\/media\/1509"}],"wp:attachment":[{"href":"https:\/\/especialistasdeldolor.com\/index.php\/wp-json\/wp\/v2\/media?parent=1708"}],"curies":[{"name":"wp","href":"https:\/\/api.w.org\/{rel}","templated":true}]}}