{"id":1693,"date":"2021-01-14T18:11:31","date_gmt":"2021-01-14T18:11:31","guid":{"rendered":"https:\/\/especialistasdeldolor.com\/?page_id=1693"},"modified":"2021-01-14T18:11:31","modified_gmt":"2021-01-14T18:11:31","slug":"artrosis-de-la-sacroiliaca","status":"publish","type":"page","link":"https:\/\/especialistasdeldolor.com\/index.php\/artrosis-de-la-sacroiliaca\/","title":{"rendered":"Artrosis de la sacroil\u00edaca"},"content":{"rendered":"\n<div class=\"wp-block-image is-style-rounded\"><figure class=\"aligncenter size-medium\"><img loading=\"lazy\" decoding=\"async\" width=\"300\" height=\"101\" src=\"https:\/\/especialistasdeldolor.com\/wp-content\/uploads\/2021\/01\/sacroilica-300x101.jpg\" alt=\"\" class=\"wp-image-1694\" srcset=\"https:\/\/especialistasdeldolor.com\/wp-content\/uploads\/2021\/01\/sacroilica-300x101.jpg 300w, https:\/\/especialistasdeldolor.com\/wp-content\/uploads\/2021\/01\/sacroilica.jpg 512w\" sizes=\"(max-width: 300px) 100vw, 300px\" \/><\/figure><\/div>\n\n\n\n<p>La articulaci\u00f3n sacroil\u00edaca es la que se localiza entre el sacro y el ilion, ambos huesos de la pelvis. Por tanto, la artrosis de la sacroil\u00edaca es la que se produce en el cart\u00edlago de los huesos de esta regi\u00f3n. La sacroileitis puede causar dolor en los gl\u00fateos o en la parte inferior de la espalda, el cual puede extenderse hasta una o ambas piernas. Estar de pie mucho tiempo o subir escaleras puede empeorar el dolor. La sacroileitis puede ser dif\u00edcil de diagnosticar, debido a que puede confundirse con otras causas de dolor de la parte inferior de la espalda. Se la ha relacionado con un grupo de enfermedades que producen artritis inflamatoria en la columna vertebral.<\/p>\n","protected":false},"excerpt":{"rendered":"<p>La articulaci\u00f3n sacroil\u00edaca es la que se localiza entre el sacro y el ilion, ambos huesos de la pelvis. Por tanto, la artrosis de la sacroil\u00edaca es la que se produce en el cart\u00edlago de los huesos de esta regi\u00f3n. La sacroileitis puede causar dolor en los gl\u00fateos o en la parte inferior de la&hellip; <br \/> <a class=\"read-more\" href=\"https:\/\/especialistasdeldolor.com\/index.php\/artrosis-de-la-sacroiliaca\/\">Leer m\u00e1s<\/a><\/p>\n","protected":false},"author":1,"featured_media":1694,"parent":0,"menu_order":0,"comment_status":"closed","ping_status":"closed","template":"","meta":{"footnotes":""},"_links":{"self":[{"href":"https:\/\/especialistasdeldolor.com\/index.php\/wp-json\/wp\/v2\/pages\/1693"}],"collection":[{"href":"https:\/\/especialistasdeldolor.com\/index.php\/wp-json\/wp\/v2\/pages"}],"about":[{"href":"https:\/\/especialistasdeldolor.com\/index.php\/wp-json\/wp\/v2\/types\/page"}],"author":[{"embeddable":true,"href":"https:\/\/especialistasdeldolor.com\/index.php\/wp-json\/wp\/v2\/users\/1"}],"replies":[{"embeddable":true,"href":"https:\/\/especialistasdeldolor.com\/index.php\/wp-json\/wp\/v2\/comments?post=1693"}],"version-history":[{"count":1,"href":"https:\/\/especialistasdeldolor.com\/index.php\/wp-json\/wp\/v2\/pages\/1693\/revisions"}],"predecessor-version":[{"id":1695,"href":"https:\/\/especialistasdeldolor.com\/index.php\/wp-json\/wp\/v2\/pages\/1693\/revisions\/1695"}],"wp:featuredmedia":[{"embeddable":true,"href":"https:\/\/especialistasdeldolor.com\/index.php\/wp-json\/wp\/v2\/media\/1694"}],"wp:attachment":[{"href":"https:\/\/especialistasdeldolor.com\/index.php\/wp-json\/wp\/v2\/media?parent=1693"}],"curies":[{"name":"wp","href":"https:\/\/api.w.org\/{rel}","templated":true}]}}