{"id":1689,"date":"2021-01-14T18:08:30","date_gmt":"2021-01-14T18:08:30","guid":{"rendered":"https:\/\/especialistasdeldolor.com\/?page_id=1689"},"modified":"2021-01-14T18:13:57","modified_gmt":"2021-01-14T18:13:57","slug":"artrosis-facetaria-cervical-dorsal-y-lumbar","status":"publish","type":"page","link":"https:\/\/especialistasdeldolor.com\/index.php\/artrosis-facetaria-cervical-dorsal-y-lumbar\/","title":{"rendered":"Artrosis facetaria cervical, dorsal y lumbar"},"content":{"rendered":"\n<div class=\"wp-block-image is-style-rounded\"><figure class=\"aligncenter size-medium\"><img loading=\"lazy\" decoding=\"async\" width=\"300\" height=\"150\" src=\"https:\/\/especialistasdeldolor.com\/wp-content\/uploads\/2021\/01\/facetaria-300x150.jpg\" alt=\"\" class=\"wp-image-1690\" srcset=\"https:\/\/especialistasdeldolor.com\/wp-content\/uploads\/2021\/01\/facetaria-300x150.jpg 300w, https:\/\/especialistasdeldolor.com\/wp-content\/uploads\/2021\/01\/facetaria.jpg 400w\" sizes=\"(max-width: 300px) 100vw, 300px\" \/><\/figure><\/div>\n\n\n\n<p><br>La artrosis facetaria es la que produce el desgaste del cart\u00edlago de la articulaci\u00f3n existente entre dos v\u00e9rtebras. Cuando aparece este tipo de artrosis se desgastan y deforman las v\u00e9rtebras por el roce entre ellas. Esta degeneraci\u00f3n puede tener lugar en las diferentes partes de la columna, denomin\u00e1ndose de una u otra manera en funci\u00f3n del lugar en el que se encuentre: regi\u00f3n cervical (cuello), regi\u00f3n dorsal (parte intermedia de la columna) y regi\u00f3n lumbar (extremo inferior).<\/p>\n","protected":false},"excerpt":{"rendered":"<p>La artrosis facetaria es la que produce el desgaste del cart\u00edlago de la articulaci\u00f3n existente entre dos v\u00e9rtebras. Cuando aparece este tipo de artrosis se desgastan y deforman las v\u00e9rtebras por el roce entre ellas. Esta degeneraci\u00f3n puede tener lugar en las diferentes partes de la columna, denomin\u00e1ndose de una u otra manera en funci\u00f3n&hellip; <br \/> <a class=\"read-more\" href=\"https:\/\/especialistasdeldolor.com\/index.php\/artrosis-facetaria-cervical-dorsal-y-lumbar\/\">Leer m\u00e1s<\/a><\/p>\n","protected":false},"author":1,"featured_media":1691,"parent":0,"menu_order":0,"comment_status":"closed","ping_status":"closed","template":"","meta":{"footnotes":""},"_links":{"self":[{"href":"https:\/\/especialistasdeldolor.com\/index.php\/wp-json\/wp\/v2\/pages\/1689"}],"collection":[{"href":"https:\/\/especialistasdeldolor.com\/index.php\/wp-json\/wp\/v2\/pages"}],"about":[{"href":"https:\/\/especialistasdeldolor.com\/index.php\/wp-json\/wp\/v2\/types\/page"}],"author":[{"embeddable":true,"href":"https:\/\/especialistasdeldolor.com\/index.php\/wp-json\/wp\/v2\/users\/1"}],"replies":[{"embeddable":true,"href":"https:\/\/especialistasdeldolor.com\/index.php\/wp-json\/wp\/v2\/comments?post=1689"}],"version-history":[{"count":2,"href":"https:\/\/especialistasdeldolor.com\/index.php\/wp-json\/wp\/v2\/pages\/1689\/revisions"}],"predecessor-version":[{"id":1704,"href":"https:\/\/especialistasdeldolor.com\/index.php\/wp-json\/wp\/v2\/pages\/1689\/revisions\/1704"}],"wp:featuredmedia":[{"embeddable":true,"href":"https:\/\/especialistasdeldolor.com\/index.php\/wp-json\/wp\/v2\/media\/1691"}],"wp:attachment":[{"href":"https:\/\/especialistasdeldolor.com\/index.php\/wp-json\/wp\/v2\/media?parent=1689"}],"curies":[{"name":"wp","href":"https:\/\/api.w.org\/{rel}","templated":true}]}}