{"id":1683,"date":"2021-01-14T17:58:32","date_gmt":"2021-01-14T17:58:32","guid":{"rendered":"https:\/\/especialistasdeldolor.com\/?page_id=1683"},"modified":"2021-01-14T18:13:23","modified_gmt":"2021-01-14T18:13:23","slug":"artrosis-de-hombro","status":"publish","type":"page","link":"https:\/\/especialistasdeldolor.com\/index.php\/artrosis-de-hombro\/","title":{"rendered":"Artrosis de hombro"},"content":{"rendered":"\n<div class=\"wp-block-image is-style-rounded\"><figure class=\"aligncenter size-medium\"><img loading=\"lazy\" decoding=\"async\" width=\"300\" height=\"200\" src=\"https:\/\/especialistasdeldolor.com\/wp-content\/uploads\/2021\/01\/artrose-no-hombro-300x200.jpg\" alt=\"\" class=\"wp-image-1684\" srcset=\"https:\/\/especialistasdeldolor.com\/wp-content\/uploads\/2021\/01\/artrose-no-hombro-300x200.jpg 300w, https:\/\/especialistasdeldolor.com\/wp-content\/uploads\/2021\/01\/artrose-no-hombro.jpg 640w\" sizes=\"(max-width: 300px) 100vw, 300px\" \/><\/figure><\/div>\n\n\n\n<p>En este tipo de artrosis tiene lugar el desgaste de las articulaciones acromioclavicular y glenohumeral, que son las que dan soporte a los huesos del hombro: el h\u00famero, la clav\u00edcula y el omoplato. La aplicaci\u00f3n de radiofrecuencia sobre nervios espec\u00edficos, as\u00ed como la infusi\u00f3n intraarticular permitir\u00e1 tratar el dolor y regenerar la articulaci\u00f3n. La viscosuplementaci\u00f3n con hilano G-F 20 es un tratamiento que disminuye el dolor y las molestias, permitiendo una mayor amplitud de movimiento en la articulaci\u00f3n afectada.<\/p>\n","protected":false},"excerpt":{"rendered":"<p>En este tipo de artrosis tiene lugar el desgaste de las articulaciones acromioclavicular y glenohumeral, que son las que dan soporte a los huesos del hombro: el h\u00famero, la clav\u00edcula y el omoplato. La aplicaci\u00f3n de radiofrecuencia sobre nervios espec\u00edficos, as\u00ed como la infusi\u00f3n intraarticular permitir\u00e1 tratar el dolor y regenerar la articulaci\u00f3n. La viscosuplementaci\u00f3n&hellip; <br \/> <a class=\"read-more\" href=\"https:\/\/especialistasdeldolor.com\/index.php\/artrosis-de-hombro\/\">Leer m\u00e1s<\/a><\/p>\n","protected":false},"author":1,"featured_media":1684,"parent":0,"menu_order":0,"comment_status":"closed","ping_status":"closed","template":"","meta":{"footnotes":""},"_links":{"self":[{"href":"https:\/\/especialistasdeldolor.com\/index.php\/wp-json\/wp\/v2\/pages\/1683"}],"collection":[{"href":"https:\/\/especialistasdeldolor.com\/index.php\/wp-json\/wp\/v2\/pages"}],"about":[{"href":"https:\/\/especialistasdeldolor.com\/index.php\/wp-json\/wp\/v2\/types\/page"}],"author":[{"embeddable":true,"href":"https:\/\/especialistasdeldolor.com\/index.php\/wp-json\/wp\/v2\/users\/1"}],"replies":[{"embeddable":true,"href":"https:\/\/especialistasdeldolor.com\/index.php\/wp-json\/wp\/v2\/comments?post=1683"}],"version-history":[{"count":2,"href":"https:\/\/especialistasdeldolor.com\/index.php\/wp-json\/wp\/v2\/pages\/1683\/revisions"}],"predecessor-version":[{"id":1702,"href":"https:\/\/especialistasdeldolor.com\/index.php\/wp-json\/wp\/v2\/pages\/1683\/revisions\/1702"}],"wp:featuredmedia":[{"embeddable":true,"href":"https:\/\/especialistasdeldolor.com\/index.php\/wp-json\/wp\/v2\/media\/1684"}],"wp:attachment":[{"href":"https:\/\/especialistasdeldolor.com\/index.php\/wp-json\/wp\/v2\/media?parent=1683"}],"curies":[{"name":"wp","href":"https:\/\/api.w.org\/{rel}","templated":true}]}}