{"id":1680,"date":"2021-01-14T17:54:45","date_gmt":"2021-01-14T17:54:45","guid":{"rendered":"https:\/\/especialistasdeldolor.com\/?page_id=1680"},"modified":"2021-01-14T17:54:54","modified_gmt":"2021-01-14T17:54:54","slug":"artrosis-de-rodilla","status":"publish","type":"page","link":"https:\/\/especialistasdeldolor.com\/index.php\/artrosis-de-rodilla\/","title":{"rendered":"Artrosis de rodilla"},"content":{"rendered":"\n<div class=\"wp-block-image is-style-rounded\"><figure class=\"aligncenter size-medium\"><img loading=\"lazy\" decoding=\"async\" width=\"300\" height=\"199\" src=\"https:\/\/especialistasdeldolor.com\/wp-content\/uploads\/2021\/01\/artriosis-de-rodilla-300x199.jpg\" alt=\"\" class=\"wp-image-1681\" srcset=\"https:\/\/especialistasdeldolor.com\/wp-content\/uploads\/2021\/01\/artriosis-de-rodilla-300x199.jpg 300w, https:\/\/especialistasdeldolor.com\/wp-content\/uploads\/2021\/01\/artriosis-de-rodilla-768x510.jpg 768w, https:\/\/especialistasdeldolor.com\/wp-content\/uploads\/2021\/01\/artriosis-de-rodilla.jpg 1024w\" sizes=\"(max-width: 300px) 100vw, 300px\" \/><\/figure><\/div>\n\n\n\n<p>Es uno de los tipos de artrosis m\u00e1s frecuentes y su aparici\u00f3n resulta especialmente incapacitante para el paciente. Se trata de la degeneraci\u00f3n del cart\u00edlago articular que cubre los huesos que componen la rodilla: f\u00e9mur, tibia y r\u00f3tula. El control del peso corporal es un factor muy importante en el tratamiento del dolor de esta articulaci\u00f3n. Para el tratamiento del dolor de rodilla disponemos de una t\u00e9cnica exclusiva, desarrollada por nuestro equipo investigador, que facilita la aplicaci\u00f3n selectiva de la radiofrecuencia permitiendo periodos de alivio m\u00e1s prolongados.<\/p>\n","protected":false},"excerpt":{"rendered":"<p>Es uno de los tipos de artrosis m\u00e1s frecuentes y su aparici\u00f3n resulta especialmente incapacitante para el paciente. Se trata de la degeneraci\u00f3n del cart\u00edlago articular que cubre los huesos que componen la rodilla: f\u00e9mur, tibia y r\u00f3tula. El control del peso corporal es un factor muy importante en el tratamiento del dolor de esta&hellip; <br \/> <a class=\"read-more\" href=\"https:\/\/especialistasdeldolor.com\/index.php\/artrosis-de-rodilla\/\">Leer m\u00e1s<\/a><\/p>\n","protected":false},"author":1,"featured_media":1681,"parent":0,"menu_order":0,"comment_status":"closed","ping_status":"closed","template":"","meta":{"footnotes":""},"_links":{"self":[{"href":"https:\/\/especialistasdeldolor.com\/index.php\/wp-json\/wp\/v2\/pages\/1680"}],"collection":[{"href":"https:\/\/especialistasdeldolor.com\/index.php\/wp-json\/wp\/v2\/pages"}],"about":[{"href":"https:\/\/especialistasdeldolor.com\/index.php\/wp-json\/wp\/v2\/types\/page"}],"author":[{"embeddable":true,"href":"https:\/\/especialistasdeldolor.com\/index.php\/wp-json\/wp\/v2\/users\/1"}],"replies":[{"embeddable":true,"href":"https:\/\/especialistasdeldolor.com\/index.php\/wp-json\/wp\/v2\/comments?post=1680"}],"version-history":[{"count":1,"href":"https:\/\/especialistasdeldolor.com\/index.php\/wp-json\/wp\/v2\/pages\/1680\/revisions"}],"predecessor-version":[{"id":1682,"href":"https:\/\/especialistasdeldolor.com\/index.php\/wp-json\/wp\/v2\/pages\/1680\/revisions\/1682"}],"wp:featuredmedia":[{"embeddable":true,"href":"https:\/\/especialistasdeldolor.com\/index.php\/wp-json\/wp\/v2\/media\/1681"}],"wp:attachment":[{"href":"https:\/\/especialistasdeldolor.com\/index.php\/wp-json\/wp\/v2\/media?parent=1680"}],"curies":[{"name":"wp","href":"https:\/\/api.w.org\/{rel}","templated":true}]}}