{"id":1676,"date":"2021-01-14T17:51:21","date_gmt":"2021-01-14T17:51:21","guid":{"rendered":"https:\/\/especialistasdeldolor.com\/?page_id=1676"},"modified":"2021-01-14T17:51:39","modified_gmt":"2021-01-14T17:51:39","slug":"artrosis-de-cadera","status":"publish","type":"page","link":"https:\/\/especialistasdeldolor.com\/index.php\/artrosis-de-cadera\/","title":{"rendered":"Artrosis de cadera"},"content":{"rendered":"\n<div class=\"wp-block-image is-style-rounded\"><figure class=\"aligncenter size-medium\"><img loading=\"lazy\" decoding=\"async\" width=\"300\" height=\"200\" src=\"https:\/\/especialistasdeldolor.com\/wp-content\/uploads\/2021\/01\/artosisdecadera1-300x200.jpg\" alt=\"\" class=\"wp-image-1677\" srcset=\"https:\/\/especialistasdeldolor.com\/wp-content\/uploads\/2021\/01\/artosisdecadera1-300x200.jpg 300w, https:\/\/especialistasdeldolor.com\/wp-content\/uploads\/2021\/01\/artosisdecadera1-1024x683.jpg 1024w, https:\/\/especialistasdeldolor.com\/wp-content\/uploads\/2021\/01\/artosisdecadera1-768x512.jpg 768w, https:\/\/especialistasdeldolor.com\/wp-content\/uploads\/2021\/01\/artosisdecadera1.jpg 1170w\" sizes=\"(max-width: 300px) 100vw, 300px\" \/><\/figure><\/div>\n\n\n\n<p>La artrosis de cadera o coxartrosis es el desgaste del cart\u00edlago de las articulaciones que la componen, es decir, de las localizadas en la cabeza del f\u00e9mur y el cotilo -espacio existente en el hueso de la pelvis. El dolor de la misma asocia frecuentemente condiciones como bursitis trocanterea y limitaci\u00f3n en la flexi\u00f3n de la cadera. Su tratamiento en una primera fase requiere de la eliminaci\u00f3n del dolor para poder trabajar sobre la rigidez consecuente.<\/p>\n","protected":false},"excerpt":{"rendered":"<p>La artrosis de cadera o coxartrosis es el desgaste del cart\u00edlago de las articulaciones que la componen, es decir, de las localizadas en la cabeza del f\u00e9mur y el cotilo -espacio existente en el hueso de la pelvis. El dolor de la misma asocia frecuentemente condiciones como bursitis trocanterea y limitaci\u00f3n en la flexi\u00f3n de&hellip; <br \/> <a class=\"read-more\" href=\"https:\/\/especialistasdeldolor.com\/index.php\/artrosis-de-cadera\/\">Leer m\u00e1s<\/a><\/p>\n","protected":false},"author":1,"featured_media":1678,"parent":0,"menu_order":0,"comment_status":"closed","ping_status":"closed","template":"","meta":{"footnotes":""},"_links":{"self":[{"href":"https:\/\/especialistasdeldolor.com\/index.php\/wp-json\/wp\/v2\/pages\/1676"}],"collection":[{"href":"https:\/\/especialistasdeldolor.com\/index.php\/wp-json\/wp\/v2\/pages"}],"about":[{"href":"https:\/\/especialistasdeldolor.com\/index.php\/wp-json\/wp\/v2\/types\/page"}],"author":[{"embeddable":true,"href":"https:\/\/especialistasdeldolor.com\/index.php\/wp-json\/wp\/v2\/users\/1"}],"replies":[{"embeddable":true,"href":"https:\/\/especialistasdeldolor.com\/index.php\/wp-json\/wp\/v2\/comments?post=1676"}],"version-history":[{"count":1,"href":"https:\/\/especialistasdeldolor.com\/index.php\/wp-json\/wp\/v2\/pages\/1676\/revisions"}],"predecessor-version":[{"id":1679,"href":"https:\/\/especialistasdeldolor.com\/index.php\/wp-json\/wp\/v2\/pages\/1676\/revisions\/1679"}],"wp:featuredmedia":[{"embeddable":true,"href":"https:\/\/especialistasdeldolor.com\/index.php\/wp-json\/wp\/v2\/media\/1678"}],"wp:attachment":[{"href":"https:\/\/especialistasdeldolor.com\/index.php\/wp-json\/wp\/v2\/media?parent=1676"}],"curies":[{"name":"wp","href":"https:\/\/api.w.org\/{rel}","templated":true}]}}