{"id":1672,"date":"2021-01-14T17:44:48","date_gmt":"2021-01-14T17:44:48","guid":{"rendered":"https:\/\/especialistasdeldolor.com\/?page_id=1672"},"modified":"2021-01-14T17:44:48","modified_gmt":"2021-01-14T17:44:48","slug":"vulvodinia","status":"publish","type":"page","link":"https:\/\/especialistasdeldolor.com\/index.php\/vulvodinia\/","title":{"rendered":"Vulvod\u00ednia"},"content":{"rendered":"\n<div class=\"wp-block-image is-style-rounded\"><figure class=\"aligncenter size-large\"><img loading=\"lazy\" decoding=\"async\" width=\"300\" height=\"169\" src=\"https:\/\/especialistasdeldolor.com\/wp-content\/uploads\/2021\/01\/Vulvodinia.jpg\" alt=\"\" class=\"wp-image-1673\"\/><\/figure><\/div>\n\n\n\n<p>La vulvod\u00ednia se define como molestias vulvares, que la paciente habitualmente describe como dolor o ardor durante m\u00e1s de tres meses de evoluci\u00f3n. Adem\u00e1s, en la exploraci\u00f3n no se encuentra ning\u00fan trastorno espec\u00edfico y la vulva tiene un aspecto totalmente normal. La causa exacta de la vulvod\u00ednia se desconoce, pero se cree que tiene un origen multifactorial, es decir que se puede desencadenar por varios motivos. Entre estas causas encontramos: anomal\u00edas metab\u00f3licas, factores psicol\u00f3gicos, factores irritantes como jabones o alg\u00fan tipo de ropa interior, factores hormonales, factores gen\u00e9ticos e inmunol\u00f3gicos. Las \u00faltimas teor\u00edas apuntan que la vulvod\u00ednia es un dolor neurop\u00e1tico, en el que, debido a una lesi\u00f3n de las c\u00e9lulas nerviosas, se produce una respuesta exagerada ante un est\u00edmulo doloroso. No hay ning\u00fan tratamiento que sea efectivo para todas las mujeres con vulvod\u00ednia. El tratamiento debe ser individualizado para cada paciente. Actualmente se disponen de varias opciones terap\u00e9uticas para tratar el dolor p\u00e9lvico cr\u00f3nico. Algunas de ellas son el bloqueo del plexo hipog\u00e1strico, bloqueo de Ganglio Impar, la estimulaci\u00f3n medular y la estimulaci\u00f3n de nervios sacros.<\/p>\n","protected":false},"excerpt":{"rendered":"<p>La vulvod\u00ednia se define como molestias vulvares, que la paciente habitualmente describe como dolor o ardor durante m\u00e1s de tres meses de evoluci\u00f3n. Adem\u00e1s, en la exploraci\u00f3n no se encuentra ning\u00fan trastorno espec\u00edfico y la vulva tiene un aspecto totalmente normal. La causa exacta de la vulvod\u00ednia se desconoce, pero se cree que tiene un&hellip; <br \/> <a class=\"read-more\" href=\"https:\/\/especialistasdeldolor.com\/index.php\/vulvodinia\/\">Leer m\u00e1s<\/a><\/p>\n","protected":false},"author":1,"featured_media":1673,"parent":0,"menu_order":0,"comment_status":"closed","ping_status":"closed","template":"","meta":{"footnotes":""},"_links":{"self":[{"href":"https:\/\/especialistasdeldolor.com\/index.php\/wp-json\/wp\/v2\/pages\/1672"}],"collection":[{"href":"https:\/\/especialistasdeldolor.com\/index.php\/wp-json\/wp\/v2\/pages"}],"about":[{"href":"https:\/\/especialistasdeldolor.com\/index.php\/wp-json\/wp\/v2\/types\/page"}],"author":[{"embeddable":true,"href":"https:\/\/especialistasdeldolor.com\/index.php\/wp-json\/wp\/v2\/users\/1"}],"replies":[{"embeddable":true,"href":"https:\/\/especialistasdeldolor.com\/index.php\/wp-json\/wp\/v2\/comments?post=1672"}],"version-history":[{"count":1,"href":"https:\/\/especialistasdeldolor.com\/index.php\/wp-json\/wp\/v2\/pages\/1672\/revisions"}],"predecessor-version":[{"id":1674,"href":"https:\/\/especialistasdeldolor.com\/index.php\/wp-json\/wp\/v2\/pages\/1672\/revisions\/1674"}],"wp:featuredmedia":[{"embeddable":true,"href":"https:\/\/especialistasdeldolor.com\/index.php\/wp-json\/wp\/v2\/media\/1673"}],"wp:attachment":[{"href":"https:\/\/especialistasdeldolor.com\/index.php\/wp-json\/wp\/v2\/media?parent=1672"}],"curies":[{"name":"wp","href":"https:\/\/api.w.org\/{rel}","templated":true}]}}