{"id":1610,"date":"2021-01-13T01:28:04","date_gmt":"2021-01-13T01:28:04","guid":{"rendered":"https:\/\/especialistasdeldolor.com\/?page_id=1610"},"modified":"2021-01-14T19:32:25","modified_gmt":"2021-01-14T19:32:25","slug":"sindrome-piramidal","status":"publish","type":"page","link":"https:\/\/especialistasdeldolor.com\/index.php\/sindrome-piramidal\/","title":{"rendered":"S\u00edndrome piramidal"},"content":{"rendered":"\n<div class=\"wp-block-image is-style-rounded\"><figure class=\"aligncenter size-medium\"><img loading=\"lazy\" decoding=\"async\" width=\"300\" height=\"183\" src=\"https:\/\/especialistasdeldolor.com\/wp-content\/uploads\/2021\/01\/sindrome_piramidal-300x183.png\" alt=\"\" class=\"wp-image-1734\" srcset=\"https:\/\/especialistasdeldolor.com\/wp-content\/uploads\/2021\/01\/sindrome_piramidal-300x183.png 300w, https:\/\/especialistasdeldolor.com\/wp-content\/uploads\/2021\/01\/sindrome_piramidal.png 659w\" sizes=\"(max-width: 300px) 100vw, 300px\" \/><\/figure><\/div>\n\n\n\n<p>El m\u00fasculo piramidal o piriforme est\u00e1 en la regi\u00f3n de las nalgas, detr\u00e1s del gl\u00fateo mayor. Cuando este m\u00fasculo se ve afectado por una lesi\u00f3n o por una inflamaci\u00f3n, puede tener repercusi\u00f3n sobre el nervio ci\u00e1tico adyacente. Este cuadro cursa con dolor punzante en la regi\u00f3n de la nalga, acompa\u00f1ado por acortamiento u hormigueos en la pierna. Podemos aliviar ese dolor que tanto te molesta.<\/p>\n","protected":false},"excerpt":{"rendered":"<p>El m\u00fasculo piramidal o piriforme est\u00e1 en la regi\u00f3n de las nalgas, detr\u00e1s del gl\u00fateo mayor. Cuando este m\u00fasculo se ve afectado por una lesi\u00f3n o por una inflamaci\u00f3n, puede tener repercusi\u00f3n sobre el nervio ci\u00e1tico adyacente. Este cuadro cursa con dolor punzante en la regi\u00f3n de la nalga, acompa\u00f1ado por acortamiento u hormigueos en&hellip; <br \/> <a class=\"read-more\" href=\"https:\/\/especialistasdeldolor.com\/index.php\/sindrome-piramidal\/\">Leer m\u00e1s<\/a><\/p>\n","protected":false},"author":1,"featured_media":1734,"parent":0,"menu_order":0,"comment_status":"closed","ping_status":"closed","template":"","meta":{"footnotes":""},"_links":{"self":[{"href":"https:\/\/especialistasdeldolor.com\/index.php\/wp-json\/wp\/v2\/pages\/1610"}],"collection":[{"href":"https:\/\/especialistasdeldolor.com\/index.php\/wp-json\/wp\/v2\/pages"}],"about":[{"href":"https:\/\/especialistasdeldolor.com\/index.php\/wp-json\/wp\/v2\/types\/page"}],"author":[{"embeddable":true,"href":"https:\/\/especialistasdeldolor.com\/index.php\/wp-json\/wp\/v2\/users\/1"}],"replies":[{"embeddable":true,"href":"https:\/\/especialistasdeldolor.com\/index.php\/wp-json\/wp\/v2\/comments?post=1610"}],"version-history":[{"count":3,"href":"https:\/\/especialistasdeldolor.com\/index.php\/wp-json\/wp\/v2\/pages\/1610\/revisions"}],"predecessor-version":[{"id":1735,"href":"https:\/\/especialistasdeldolor.com\/index.php\/wp-json\/wp\/v2\/pages\/1610\/revisions\/1735"}],"wp:featuredmedia":[{"embeddable":true,"href":"https:\/\/especialistasdeldolor.com\/index.php\/wp-json\/wp\/v2\/media\/1734"}],"wp:attachment":[{"href":"https:\/\/especialistasdeldolor.com\/index.php\/wp-json\/wp\/v2\/media?parent=1610"}],"curies":[{"name":"wp","href":"https:\/\/api.w.org\/{rel}","templated":true}]}}