{"id":1606,"date":"2021-01-13T01:26:42","date_gmt":"2021-01-13T01:26:42","guid":{"rendered":"https:\/\/especialistasdeldolor.com\/?page_id=1606"},"modified":"2021-01-14T17:39:10","modified_gmt":"2021-01-14T17:39:10","slug":"neuralgia-postherpetica","status":"publish","type":"page","link":"https:\/\/especialistasdeldolor.com\/index.php\/neuralgia-postherpetica\/","title":{"rendered":"Neuralgia postherp\u00e9tica"},"content":{"rendered":"\n<div class=\"wp-block-image is-style-rounded\"><figure class=\"aligncenter size-medium\"><img loading=\"lazy\" decoding=\"async\" width=\"300\" height=\"169\" src=\"https:\/\/especialistasdeldolor.com\/wp-content\/uploads\/2021\/01\/post-300x169.jpg\" alt=\"\" class=\"wp-image-1664\" srcset=\"https:\/\/especialistasdeldolor.com\/wp-content\/uploads\/2021\/01\/post-300x169.jpg 300w, https:\/\/especialistasdeldolor.com\/wp-content\/uploads\/2021\/01\/post.jpg 708w\" sizes=\"(max-width: 300px) 100vw, 300px\" \/><\/figure><\/div>\n\n\n\n<p>El herpes z\u00f3ster o tambi\u00e9n conocido como culebrilla es una erupci\u00f3n de sarpullido o ampollas en la piel, causada por el virus de la varicela-zoster, el mismo que causa la varicela. La complicaci\u00f3n m\u00e1s habitual de esta enfermedad es la neuralgia postherp\u00e9tica, trastorno que afecta a las fibras nerviosas y la piel, lo que causa un dolor quemante que dura mucho tiempo despu\u00e9s de que el sarpullido y las ampollas del herpes z\u00f3ster han desaparecido. No existe una cura, pero los tratamientos pueden aliviar los s\u00edntomas. En la mayor\u00eda de las personas, la neuralgia postherp\u00e9tica mejora con el tiempo.<\/p>\n\n\n\n<p>La neuralgia posherp\u00e9tica se presenta si las fibras nerviosas se da\u00f1an durante un brote de z\u00f3ster. Las fibras da\u00f1adas no pueden enviar mensajes de la piel al cerebro como lo hacen normalmente. En cambio, los mensajes son confusos y exagerados, lo que causa dolor cr\u00f3nico y a menudo insoportable, que puede permanecer meses, o incluso a\u00f1os. La sensaci\u00f3n que puede darte este virus es: Dolor que dura tres meses o m\u00e1s despu\u00e9s de que se haya curado la erupci\u00f3n cut\u00e1nea del herpes z\u00f3ster. Se ha descrito el dolor asociado como quemante, incisivo y punzante, o bien intenso, sordo y persistente. Sensibilidad al tacto suave. A menudo, las personas con la enfermedad ni siquiera pueden soportar el contacto de la ropa con la piel afectada (alodinia). Picaz\u00f3n y entumecimiento. Con menor frecuencia, la neuralgia posherp\u00e9tica puede provocar una sensaci\u00f3n de picaz\u00f3n o entumecimiento.<\/p>\n","protected":false},"excerpt":{"rendered":"<p>El herpes z\u00f3ster o tambi\u00e9n conocido como culebrilla es una erupci\u00f3n de sarpullido o ampollas en la piel, causada por el virus de la varicela-zoster, el mismo que causa la varicela. La complicaci\u00f3n m\u00e1s habitual de esta enfermedad es la neuralgia postherp\u00e9tica, trastorno que afecta a las fibras nerviosas y la piel, lo que causa&hellip; <br \/> <a class=\"read-more\" href=\"https:\/\/especialistasdeldolor.com\/index.php\/neuralgia-postherpetica\/\">Leer m\u00e1s<\/a><\/p>\n","protected":false},"author":1,"featured_media":1664,"parent":0,"menu_order":0,"comment_status":"closed","ping_status":"closed","template":"","meta":{"footnotes":""},"_links":{"self":[{"href":"https:\/\/especialistasdeldolor.com\/index.php\/wp-json\/wp\/v2\/pages\/1606"}],"collection":[{"href":"https:\/\/especialistasdeldolor.com\/index.php\/wp-json\/wp\/v2\/pages"}],"about":[{"href":"https:\/\/especialistasdeldolor.com\/index.php\/wp-json\/wp\/v2\/types\/page"}],"author":[{"embeddable":true,"href":"https:\/\/especialistasdeldolor.com\/index.php\/wp-json\/wp\/v2\/users\/1"}],"replies":[{"embeddable":true,"href":"https:\/\/especialistasdeldolor.com\/index.php\/wp-json\/wp\/v2\/comments?post=1606"}],"version-history":[{"count":4,"href":"https:\/\/especialistasdeldolor.com\/index.php\/wp-json\/wp\/v2\/pages\/1606\/revisions"}],"predecessor-version":[{"id":1665,"href":"https:\/\/especialistasdeldolor.com\/index.php\/wp-json\/wp\/v2\/pages\/1606\/revisions\/1665"}],"wp:featuredmedia":[{"embeddable":true,"href":"https:\/\/especialistasdeldolor.com\/index.php\/wp-json\/wp\/v2\/media\/1664"}],"wp:attachment":[{"href":"https:\/\/especialistasdeldolor.com\/index.php\/wp-json\/wp\/v2\/media?parent=1606"}],"curies":[{"name":"wp","href":"https:\/\/api.w.org\/{rel}","templated":true}]}}