{"id":1602,"date":"2021-01-13T01:25:52","date_gmt":"2021-01-13T01:25:52","guid":{"rendered":"https:\/\/especialistasdeldolor.com\/?page_id=1602"},"modified":"2021-01-14T17:28:20","modified_gmt":"2021-01-14T17:28:20","slug":"neuralgia-del-nervio-intermediario","status":"publish","type":"page","link":"https:\/\/especialistasdeldolor.com\/index.php\/neuralgia-del-nervio-intermediario\/","title":{"rendered":"Neuralgia del nervio intermediario"},"content":{"rendered":"\n<div class=\"wp-block-image is-style-rounded\"><figure class=\"aligncenter size-medium\"><img loading=\"lazy\" decoding=\"async\" width=\"300\" height=\"169\" src=\"https:\/\/especialistasdeldolor.com\/wp-content\/uploads\/2021\/01\/nervio-intermediario-300x169.png\" alt=\"\" class=\"wp-image-1656\" srcset=\"https:\/\/especialistasdeldolor.com\/wp-content\/uploads\/2021\/01\/nervio-intermediario-300x169.png 300w, https:\/\/especialistasdeldolor.com\/wp-content\/uploads\/2021\/01\/nervio-intermediario-768x432.png 768w, https:\/\/especialistasdeldolor.com\/wp-content\/uploads\/2021\/01\/nervio-intermediario.png 800w\" sizes=\"(max-width: 300px) 100vw, 300px\" \/><\/figure><\/div>\n\n\n\n<p>Es un dolor breve en el conducto auditivo, que puede expandirse hacia detr\u00e1s de la cabeza. Puede aparecer sin motivo, o bien debido a la complicaci\u00f3n de un herpes z\u00f3ster.<\/p>\n","protected":false},"excerpt":{"rendered":"<p>Es un dolor breve en el conducto auditivo, que puede expandirse hacia detr\u00e1s de la cabeza. Puede aparecer sin motivo, o bien debido a la complicaci\u00f3n de un herpes z\u00f3ster.<\/p>\n","protected":false},"author":1,"featured_media":1656,"parent":0,"menu_order":0,"comment_status":"closed","ping_status":"closed","template":"","meta":{"footnotes":""},"_links":{"self":[{"href":"https:\/\/especialistasdeldolor.com\/index.php\/wp-json\/wp\/v2\/pages\/1602"}],"collection":[{"href":"https:\/\/especialistasdeldolor.com\/index.php\/wp-json\/wp\/v2\/pages"}],"about":[{"href":"https:\/\/especialistasdeldolor.com\/index.php\/wp-json\/wp\/v2\/types\/page"}],"author":[{"embeddable":true,"href":"https:\/\/especialistasdeldolor.com\/index.php\/wp-json\/wp\/v2\/users\/1"}],"replies":[{"embeddable":true,"href":"https:\/\/especialistasdeldolor.com\/index.php\/wp-json\/wp\/v2\/comments?post=1602"}],"version-history":[{"count":2,"href":"https:\/\/especialistasdeldolor.com\/index.php\/wp-json\/wp\/v2\/pages\/1602\/revisions"}],"predecessor-version":[{"id":1657,"href":"https:\/\/especialistasdeldolor.com\/index.php\/wp-json\/wp\/v2\/pages\/1602\/revisions\/1657"}],"wp:featuredmedia":[{"embeddable":true,"href":"https:\/\/especialistasdeldolor.com\/index.php\/wp-json\/wp\/v2\/media\/1656"}],"wp:attachment":[{"href":"https:\/\/especialistasdeldolor.com\/index.php\/wp-json\/wp\/v2\/media?parent=1602"}],"curies":[{"name":"wp","href":"https:\/\/api.w.org\/{rel}","templated":true}]}}