{"id":1600,"date":"2021-01-13T01:25:04","date_gmt":"2021-01-13T01:25:04","guid":{"rendered":"https:\/\/especialistasdeldolor.com\/?page_id=1600"},"modified":"2021-01-14T17:24:56","modified_gmt":"2021-01-14T17:24:56","slug":"neuralgia-del-glosofaringeo","status":"publish","type":"page","link":"https:\/\/especialistasdeldolor.com\/index.php\/neuralgia-del-glosofaringeo\/","title":{"rendered":"Neuralgia del glosofar\u00edngeo"},"content":{"rendered":"\n<div class=\"wp-block-image is-style-rounded\"><figure class=\"aligncenter size-medium\"><img loading=\"lazy\" decoding=\"async\" width=\"300\" height=\"168\" src=\"https:\/\/especialistasdeldolor.com\/wp-content\/uploads\/2021\/01\/Neuralgia-trigemino-300x168.jpg\" alt=\"\" class=\"wp-image-1653\" srcset=\"https:\/\/especialistasdeldolor.com\/wp-content\/uploads\/2021\/01\/Neuralgia-trigemino-300x168.jpg 300w, https:\/\/especialistasdeldolor.com\/wp-content\/uploads\/2021\/01\/Neuralgia-trigemino-768x430.jpg 768w, https:\/\/especialistasdeldolor.com\/wp-content\/uploads\/2021\/01\/Neuralgia-trigemino.jpg 900w\" sizes=\"(max-width: 300px) 100vw, 300px\" \/><\/figure><\/div>\n\n\n\n<p>Es un trastorno doloroso unilateral que se caracteriza por episodios de dolor breves e intensos, en forma de latigazo el\u00e9ctrico de comienzo y finalizaci\u00f3n bruscas que se localizan en el o\u00eddo, base de la lengua, fosa amigdalina o por debajo del \u00e1ngulo de la mand\u00edbula. Puede aparecer al tragar, hablar, toser, bostezar, estornudar, aclararse la garganta y aparecer y desaparecer de forma parecida a la neuralgia del trig\u00e9mino.<\/p>\n\n\n\n<p>El objetivo del tratamiento es controlar el dolor. Lamentablemente, los analg\u00e9sicos de venta libre, como la aspirina o el acetaminof\u00e9n (paracetamol), no son muy efectivos para aliviar la neuralgia. Los medicamentos m\u00e1s efectivos son realmente los anticonvulsivos, como carbamazepina (Tegretol), gabapentina y fenito\u00edna. Algunos antidepresivos, como la amitriptilina, se utilizan algunas veces con variables grados de \u00e9xito. En casos graves, cuando el dolor es dif\u00edcil de tratar, se puede requerir una cirug\u00eda orientada a la descompresi\u00f3n del nervio glosofar\u00edngeo, la cual generalmente se considera efectiva. En caso de identificarse la neuralgia, el tratamiento por el que se debe optar es el control del problema subyacente. El tratamiento mediante Radiofrecuencia Pulsada del Nervio Glosofar\u00edngeo se emplea en casos en que han fracasado todos los tratamientos farmacol\u00f3gicos. Se lleva a cabo insertando una peque\u00f1a c\u00e1nula de Radiofrecuencia en la regi\u00f3n lateral del cuello, detr\u00e1s del o\u00eddo, hasta contactar con el nervio glosofar\u00edngeo. Tras ello se aplica durante varios minutos corriente de radiofrecuencia de forma pulsada, a baja temperatura. Se pueden obtener buenos resultados transcurridos unos d\u00edas.<\/p>\n","protected":false},"excerpt":{"rendered":"<p>Es un trastorno doloroso unilateral que se caracteriza por episodios de dolor breves e intensos, en forma de latigazo el\u00e9ctrico de comienzo y finalizaci\u00f3n bruscas que se localizan en el o\u00eddo, base de la lengua, fosa amigdalina o por debajo del \u00e1ngulo de la mand\u00edbula. Puede aparecer al tragar, hablar, toser, bostezar, estornudar, aclararse la&hellip; <br \/> <a class=\"read-more\" href=\"https:\/\/especialistasdeldolor.com\/index.php\/neuralgia-del-glosofaringeo\/\">Leer m\u00e1s<\/a><\/p>\n","protected":false},"author":1,"featured_media":1653,"parent":0,"menu_order":0,"comment_status":"closed","ping_status":"closed","template":"","meta":{"footnotes":""},"_links":{"self":[{"href":"https:\/\/especialistasdeldolor.com\/index.php\/wp-json\/wp\/v2\/pages\/1600"}],"collection":[{"href":"https:\/\/especialistasdeldolor.com\/index.php\/wp-json\/wp\/v2\/pages"}],"about":[{"href":"https:\/\/especialistasdeldolor.com\/index.php\/wp-json\/wp\/v2\/types\/page"}],"author":[{"embeddable":true,"href":"https:\/\/especialistasdeldolor.com\/index.php\/wp-json\/wp\/v2\/users\/1"}],"replies":[{"embeddable":true,"href":"https:\/\/especialistasdeldolor.com\/index.php\/wp-json\/wp\/v2\/comments?post=1600"}],"version-history":[{"count":4,"href":"https:\/\/especialistasdeldolor.com\/index.php\/wp-json\/wp\/v2\/pages\/1600\/revisions"}],"predecessor-version":[{"id":1655,"href":"https:\/\/especialistasdeldolor.com\/index.php\/wp-json\/wp\/v2\/pages\/1600\/revisions\/1655"}],"wp:featuredmedia":[{"embeddable":true,"href":"https:\/\/especialistasdeldolor.com\/index.php\/wp-json\/wp\/v2\/media\/1653"}],"wp:attachment":[{"href":"https:\/\/especialistasdeldolor.com\/index.php\/wp-json\/wp\/v2\/media?parent=1600"}],"curies":[{"name":"wp","href":"https:\/\/api.w.org\/{rel}","templated":true}]}}