{"id":1590,"date":"2021-01-13T01:20:09","date_gmt":"2021-01-13T01:20:09","guid":{"rendered":"https:\/\/especialistasdeldolor.com\/?page_id=1590"},"modified":"2021-01-14T17:42:05","modified_gmt":"2021-01-14T17:42:05","slug":"dolor-cronico-pelvico","status":"publish","type":"page","link":"https:\/\/especialistasdeldolor.com\/index.php\/dolor-cronico-pelvico\/","title":{"rendered":"Dolor cr\u00f3nico pelvico"},"content":{"rendered":"\n<div class=\"wp-block-image is-style-rounded\"><figure class=\"aligncenter size-medium\"><img loading=\"lazy\" decoding=\"async\" width=\"300\" height=\"144\" src=\"https:\/\/especialistasdeldolor.com\/wp-content\/uploads\/2021\/01\/pelvico1-300x144.jpg\" alt=\"\" class=\"wp-image-1670\" srcset=\"https:\/\/especialistasdeldolor.com\/wp-content\/uploads\/2021\/01\/pelvico1-300x144.jpg 300w, https:\/\/especialistasdeldolor.com\/wp-content\/uploads\/2021\/01\/pelvico1-768x369.jpg 768w, https:\/\/especialistasdeldolor.com\/wp-content\/uploads\/2021\/01\/pelvico1.jpg 1014w\" sizes=\"(max-width: 300px) 100vw, 300px\" \/><\/figure><\/div>\n\n\n\n<p>La pelvis es la regi\u00f3n anat\u00f3mica m\u00e1s inferior del tronco. Siendo una cavidad, la pelvis forma un embudo \u00f3seo y muscular que se estrecha hacia abajo. Est\u00e1 limitado por el hueso sacro, el coxis, los iliacos y los coxales (que forman la cintura p\u00e9lvica) y los m\u00fasculos de la pared abdominal inferior y del perineo. La pelvis femenina contiene la parte final del intestino (colon sigmoideo y recto), la vejiga urinaria, los ovarios, las trompas de Falopio, el \u00fatero y la vagina. La pelvis masculina contiene igualmente la parte final del intestino (colon sigmoideo y recto), la vejiga urinaria, y los \u00f3rganos sexuales masculinos que son la pr\u00f3stata y los conductos seminales. El dolor p\u00e9lvico cr\u00f3nico es generalmente de causa desconocida. Pueden existir varias expresiones del mismo, como el dolor anal o rectal, el dolor perineal, el dolor escrotal o del aparato reproductor masculino, el dolor vaginal o vulvod\u00ednia, el dolor en el bajo vientre con espasmos vesicales (que a menudo traduce una cistitis intersticial), y otras formas de presentaci\u00f3n m\u00e1s complejas.<\/p>\n\n\n\n<p>Muy frecuentemente predomina el dolor en una regi\u00f3n, pero existe tambi\u00e9n de forma variable dolor en otras zonas. Tambi\u00e9n puede ocurrir que a lo largo del tiempo var\u00ede la localizaci\u00f3n del dolor en un mismo paciente. El dolor p\u00e9lvico frecuentemente es cr\u00f3nico, de dif\u00edcil diagn\u00f3stico y responde inadecuadamente a los tratamientos. En muchas ocasiones es imposible determinar la causa que lo origina a pesar de los muchos estudios que se realizan. Suele ser causa de frustraci\u00f3n y des\u00e1nimo tanto para el que lo padece como para los m\u00e9dicos, y a menudo se acompa\u00f1a de s\u00edntomas depresivos y ansiedad. Actualmente se disponen de varias opciones terap\u00e9uticas para tratar el dolor p\u00e9lvico cr\u00f3nico. Algunas de ellas son el bloqueo del plexo hipog\u00e1strico, la estimulaci\u00f3n medular y la estimulaci\u00f3n de nervios sacros.<\/p>\n","protected":false},"excerpt":{"rendered":"<p>La pelvis es la regi\u00f3n anat\u00f3mica m\u00e1s inferior del tronco. Siendo una cavidad, la pelvis forma un embudo \u00f3seo y muscular que se estrecha hacia abajo. Est\u00e1 limitado por el hueso sacro, el coxis, los iliacos y los coxales (que forman la cintura p\u00e9lvica) y los m\u00fasculos de la pared abdominal inferior y del perineo.&hellip; <br \/> <a class=\"read-more\" href=\"https:\/\/especialistasdeldolor.com\/index.php\/dolor-cronico-pelvico\/\">Leer m\u00e1s<\/a><\/p>\n","protected":false},"author":1,"featured_media":1670,"parent":0,"menu_order":0,"comment_status":"closed","ping_status":"closed","template":"","meta":{"footnotes":""},"_links":{"self":[{"href":"https:\/\/especialistasdeldolor.com\/index.php\/wp-json\/wp\/v2\/pages\/1590"}],"collection":[{"href":"https:\/\/especialistasdeldolor.com\/index.php\/wp-json\/wp\/v2\/pages"}],"about":[{"href":"https:\/\/especialistasdeldolor.com\/index.php\/wp-json\/wp\/v2\/types\/page"}],"author":[{"embeddable":true,"href":"https:\/\/especialistasdeldolor.com\/index.php\/wp-json\/wp\/v2\/users\/1"}],"replies":[{"embeddable":true,"href":"https:\/\/especialistasdeldolor.com\/index.php\/wp-json\/wp\/v2\/comments?post=1590"}],"version-history":[{"count":2,"href":"https:\/\/especialistasdeldolor.com\/index.php\/wp-json\/wp\/v2\/pages\/1590\/revisions"}],"predecessor-version":[{"id":1671,"href":"https:\/\/especialistasdeldolor.com\/index.php\/wp-json\/wp\/v2\/pages\/1590\/revisions\/1671"}],"wp:featuredmedia":[{"embeddable":true,"href":"https:\/\/especialistasdeldolor.com\/index.php\/wp-json\/wp\/v2\/media\/1670"}],"wp:attachment":[{"href":"https:\/\/especialistasdeldolor.com\/index.php\/wp-json\/wp\/v2\/media?parent=1590"}],"curies":[{"name":"wp","href":"https:\/\/api.w.org\/{rel}","templated":true}]}}