{"id":1574,"date":"2021-01-13T01:12:41","date_gmt":"2021-01-13T01:12:41","guid":{"rendered":"https:\/\/especialistasdeldolor.com\/?page_id=1574"},"modified":"2021-01-13T01:12:41","modified_gmt":"2021-01-13T01:12:41","slug":"neuropatico","status":"publish","type":"page","link":"https:\/\/especialistasdeldolor.com\/index.php\/neuropatico\/","title":{"rendered":"Neurop\u00e1tico"},"content":{"rendered":"\n<p>El dolor neurop\u00e1tico es una condici\u00f3n dolorosa derivada de la alteraci\u00f3n de estructuras del sistema nervioso central (cerebro y m\u00e9dula) y perif\u00e9rico (nervios perif\u00e9ricos). Es frecuente su categorizaci\u00f3n en la sociedad como ci\u00e1tica y neuralgia postherp\u00e9tica, como causa de algunos tipos de dolor postquir\u00fargico o dentro de algunos tipos de cefaleas. Las caracter\u00edsticas del dolor neurop\u00e1tico son muy espec\u00edficas. S\u00edntomas como disestesia (trastorno de la sensibilidad, que conlleva una exageraci\u00f3n sensitiva de un est\u00edmulo habitualmente normal), parestesia (trastorno de la sensibilidad percibido como cosquilleo, calor o fr\u00edo que experimentan pacientes afectados por dolor neurop\u00e1tico), hipoestesia (trastorno de la<\/p>\n\n\n\n<p>sensibilidad percibido como disminuci\u00f3n patol\u00f3gica de la sensibilidad que experimentan pacientes afectados por dolor neurop\u00e1tico), o alodinia (trastorno de la sensibilidad en la que ante un est\u00edmulo mec\u00e1nico o t\u00e9rmico, normalmente indoloro, el paciente percibe sensaci\u00f3n de dolor de extrema intensidad), son los que indican que hay un dolor neurop\u00e1tico. El abordaje integral de este tipo de dolor es fundamental. La actuaci\u00f3n conjunta resulta clave para tratar la causa del dolor y actuar modulando los efectos producidos en la estructura del sistema nervioso alterada. Dentro del protocolo de actuaci\u00f3n para el tratamiento m\u00e9dico del dolor neurop\u00e1tico contamos con terapias de reconocida eficacia, adem\u00e1s de novedosas propuestas de rigurosa actualidad desarrolladas, en muchos casos.<\/p>\n","protected":false},"excerpt":{"rendered":"<p>El dolor neurop\u00e1tico es una condici\u00f3n dolorosa derivada de la alteraci\u00f3n de estructuras del sistema nervioso central (cerebro y m\u00e9dula) y perif\u00e9rico (nervios perif\u00e9ricos). Es frecuente su categorizaci\u00f3n en la sociedad como ci\u00e1tica y neuralgia postherp\u00e9tica, como causa de algunos tipos de dolor postquir\u00fargico o dentro de algunos tipos de cefaleas. Las caracter\u00edsticas del dolor&hellip; <br \/> <a class=\"read-more\" href=\"https:\/\/especialistasdeldolor.com\/index.php\/neuropatico\/\">Leer m\u00e1s<\/a><\/p>\n","protected":false},"author":1,"featured_media":0,"parent":0,"menu_order":0,"comment_status":"closed","ping_status":"closed","template":"","meta":{"footnotes":""},"_links":{"self":[{"href":"https:\/\/especialistasdeldolor.com\/index.php\/wp-json\/wp\/v2\/pages\/1574"}],"collection":[{"href":"https:\/\/especialistasdeldolor.com\/index.php\/wp-json\/wp\/v2\/pages"}],"about":[{"href":"https:\/\/especialistasdeldolor.com\/index.php\/wp-json\/wp\/v2\/types\/page"}],"author":[{"embeddable":true,"href":"https:\/\/especialistasdeldolor.com\/index.php\/wp-json\/wp\/v2\/users\/1"}],"replies":[{"embeddable":true,"href":"https:\/\/especialistasdeldolor.com\/index.php\/wp-json\/wp\/v2\/comments?post=1574"}],"version-history":[{"count":1,"href":"https:\/\/especialistasdeldolor.com\/index.php\/wp-json\/wp\/v2\/pages\/1574\/revisions"}],"predecessor-version":[{"id":1575,"href":"https:\/\/especialistasdeldolor.com\/index.php\/wp-json\/wp\/v2\/pages\/1574\/revisions\/1575"}],"wp:attachment":[{"href":"https:\/\/especialistasdeldolor.com\/index.php\/wp-json\/wp\/v2\/media?parent=1574"}],"curies":[{"name":"wp","href":"https:\/\/api.w.org\/{rel}","templated":true}]}}