{"id":1570,"date":"2021-01-13T01:11:45","date_gmt":"2021-01-13T01:11:45","guid":{"rendered":"https:\/\/especialistasdeldolor.com\/?page_id=1570"},"modified":"2021-01-13T01:11:45","modified_gmt":"2021-01-13T01:11:45","slug":"postquirurgico","status":"publish","type":"page","link":"https:\/\/especialistasdeldolor.com\/index.php\/postquirurgico\/","title":{"rendered":"Postquir\u00fargico"},"content":{"rendered":"\n<p>El dolor postquir\u00fargico o dolor postoperatorio es una consecuencia de una cirug\u00eda que puede remitir al cabo de unos d\u00edas o persistir e incluso agravarse. Suele ser agudo y debe ser tratado de manera temprana para evitar su cronificaci\u00f3n.<\/p>\n\n\n\n<p>El dolor cr\u00f3nico postquir\u00fargico es una realidad a la que se enfrentan muchos pacientes operados, cuando pasados los seis meses de su intervenci\u00f3n sienten una persistencia del dolor con agravamiento de los s\u00edntomas iniciales. Nosotros tratamos el dolor de origen postoperatorio actuando sobre los factores predisponentes desencadenantes para prevenir el desarrollo del dolor cr\u00f3nico. En el caso de los pacientes en los que el dolor cr\u00f3nico se ha instaurado disponemos de novedosas terapias para el tratamiento de esta condici\u00f3n dolorosa, como la actuaci\u00f3n sobre el nervio perif\u00e9rico, radiofrecuencia sobre el ganglio en la ra\u00edz dorsal, implantaci\u00f3n de neuro estimuladores en el sistema nervioso e implantaci\u00f3n de bombas de administraci\u00f3n de f\u00e1rmacos intratecales.<\/p>\n","protected":false},"excerpt":{"rendered":"<p>El dolor postquir\u00fargico o dolor postoperatorio es una consecuencia de una cirug\u00eda que puede remitir al cabo de unos d\u00edas o persistir e incluso agravarse. Suele ser agudo y debe ser tratado de manera temprana para evitar su cronificaci\u00f3n. El dolor cr\u00f3nico postquir\u00fargico es una realidad a la que se enfrentan muchos pacientes operados, cuando&hellip; <br \/> <a class=\"read-more\" href=\"https:\/\/especialistasdeldolor.com\/index.php\/postquirurgico\/\">Leer m\u00e1s<\/a><\/p>\n","protected":false},"author":1,"featured_media":0,"parent":0,"menu_order":0,"comment_status":"closed","ping_status":"closed","template":"","meta":{"footnotes":""},"_links":{"self":[{"href":"https:\/\/especialistasdeldolor.com\/index.php\/wp-json\/wp\/v2\/pages\/1570"}],"collection":[{"href":"https:\/\/especialistasdeldolor.com\/index.php\/wp-json\/wp\/v2\/pages"}],"about":[{"href":"https:\/\/especialistasdeldolor.com\/index.php\/wp-json\/wp\/v2\/types\/page"}],"author":[{"embeddable":true,"href":"https:\/\/especialistasdeldolor.com\/index.php\/wp-json\/wp\/v2\/users\/1"}],"replies":[{"embeddable":true,"href":"https:\/\/especialistasdeldolor.com\/index.php\/wp-json\/wp\/v2\/comments?post=1570"}],"version-history":[{"count":1,"href":"https:\/\/especialistasdeldolor.com\/index.php\/wp-json\/wp\/v2\/pages\/1570\/revisions"}],"predecessor-version":[{"id":1571,"href":"https:\/\/especialistasdeldolor.com\/index.php\/wp-json\/wp\/v2\/pages\/1570\/revisions\/1571"}],"wp:attachment":[{"href":"https:\/\/especialistasdeldolor.com\/index.php\/wp-json\/wp\/v2\/media?parent=1570"}],"curies":[{"name":"wp","href":"https:\/\/api.w.org\/{rel}","templated":true}]}}