{"id":1564,"date":"2021-01-13T01:09:14","date_gmt":"2021-01-13T01:09:14","guid":{"rendered":"https:\/\/especialistasdeldolor.com\/?page_id=1564"},"modified":"2021-01-13T01:17:06","modified_gmt":"2021-01-13T01:17:06","slug":"dolor","status":"publish","type":"page","link":"https:\/\/especialistasdeldolor.com\/index.php\/dolor\/","title":{"rendered":"Dolor"},"content":{"rendered":"\n<h2 class=\"wp-block-heading\">Diferentes tipos de dolor<\/h2>\n\n\n\n<ul><li><a href=\"https:\/\/especialistasdeldolor.com\/index.php\/articular\/\">Dolor Articular<\/a><\/li><li><a href=\"https:\/\/especialistasdeldolor.com\/index.php\/neuropatico\/\">Dolor Neurop\u00e1tico<\/a><\/li><li><a href=\"https:\/\/especialistasdeldolor.com\/index.php\/oncologico\/\">Dolor Oncol\u00f3gico<\/a><\/li><li><a href=\"https:\/\/especialistasdeldolor.com\/index.php\/postquirurgico\/\">Dolor Postquir\u00fargico<\/a><\/li><\/ul>\n\n\n\n<p><\/p>\n","protected":false},"excerpt":{"rendered":"<p>Diferentes tipos de dolor Dolor Articular Dolor Neurop\u00e1tico Dolor Oncol\u00f3gico Dolor Postquir\u00fargico<\/p>\n","protected":false},"author":1,"featured_media":0,"parent":0,"menu_order":0,"comment_status":"closed","ping_status":"closed","template":"","meta":{"footnotes":""},"_links":{"self":[{"href":"https:\/\/especialistasdeldolor.com\/index.php\/wp-json\/wp\/v2\/pages\/1564"}],"collection":[{"href":"https:\/\/especialistasdeldolor.com\/index.php\/wp-json\/wp\/v2\/pages"}],"about":[{"href":"https:\/\/especialistasdeldolor.com\/index.php\/wp-json\/wp\/v2\/types\/page"}],"author":[{"embeddable":true,"href":"https:\/\/especialistasdeldolor.com\/index.php\/wp-json\/wp\/v2\/users\/1"}],"replies":[{"embeddable":true,"href":"https:\/\/especialistasdeldolor.com\/index.php\/wp-json\/wp\/v2\/comments?post=1564"}],"version-history":[{"count":5,"href":"https:\/\/especialistasdeldolor.com\/index.php\/wp-json\/wp\/v2\/pages\/1564\/revisions"}],"predecessor-version":[{"id":1583,"href":"https:\/\/especialistasdeldolor.com\/index.php\/wp-json\/wp\/v2\/pages\/1564\/revisions\/1583"}],"wp:attachment":[{"href":"https:\/\/especialistasdeldolor.com\/index.php\/wp-json\/wp\/v2\/media?parent=1564"}],"curies":[{"name":"wp","href":"https:\/\/api.w.org\/{rel}","templated":true}]}}