{"id":1460,"date":"2021-01-12T19:54:23","date_gmt":"2021-01-12T19:54:23","guid":{"rendered":"https:\/\/especialistasdeldolor.com\/index.php\/mesmerize\/"},"modified":"2022-03-29T16:29:31","modified_gmt":"2022-03-29T16:29:31","slug":"mesmerize","status":"publish","type":"page","link":"https:\/\/especialistasdeldolor.com\/","title":{"rendered":"Front Page"},"content":{"rendered":"<div  id=\"team-2\" style=\"background-color: #ffffff;\" data-label=\"Team\" data-id=\"team-2\" data-export-id=\"team-2\" data-category=\"team\" class=\"team-2 content-section content-section-spacing\"><div  class=\"gridContainer\"> <div  class=\"row text-center\"><div  class=\"section-title-col\" data-type=\"column\"> <h2  class=\"\">M\u00e9dicos especialistas<\/h2> <p  class=\"lead\">Equipo conformado por:<\/p><\/div> <\/div> <div  class=\"row spaced-cols content-center-sm center-sm\" data-type=\"row\"> <div  class=\"col-sm-6 col-md-3\"> <div  class=\"card y-move no-padding bordered\"> <img decoding=\"async\"  class=\"face\" src=\"https:\/\/especialistasdeldolor.com\/wp-content\/plugins\/mesmerize-companion\/theme-data\/mesmerize\/sections\/images\/team-1.jpg\"> <div  data-type=\"column\" class=\"col-padding-small col-padding-small-xs description-container\"> <h4  class=\"font-500\">Dra. Elizabeth Delgado<\/h4> <p  class=\"small\" style=\"font-style: italic;\">Medic\u00edna del dolor,<br >Cuidados paliativos<\/p> <div  class=\"social-icons-group\" data-type=\"group\"> <a href=\"#\" target=\"_self\" data-reiki-hidden=\"true\" rel=\"noopener\"><i  class=\"fa icon fa-facebook-square gray\"><\/i><\/a> <a href=\"#\" target=\"_self\" data-reiki-hidden=\"true\" rel=\"noopener\"><i  class=\"fa icon fa-twitter-square gray\"><\/i><\/a> <a href=\"#\" target=\"_self\" data-reiki-hidden=\"true\" rel=\"noopener\"><i  class=\"fa icon fa-linkedin-square gray\"><\/i><\/a> <a href=\"#\" target=\"_self\" data-reiki-hidden=\"true\" rel=\"noopener\"><i  class=\"fa icon fa-google-plus-square gray\"><\/i><\/a><\/div> <\/div><\/div> <\/div> <div  class=\"col-sm-6 col-md-3\"> <div  class=\"card y-move no-padding bordered\"> <img decoding=\"async\"  class=\"face\" src=\"https:\/\/especialistasdeldolor.com\/wp-content\/plugins\/mesmerize-companion\/theme-data\/mesmerize\/sections\/images\/team-2.jpg\"> <div  data-type=\"column\" class=\"col-padding-small col-padding-small-xs description-container\"> <h4  class=\"font-500\">Dr. Oscar Ernesto Esquivel<\/h4> <p  class=\"small\" style=\"font-style: italic;\">Anestesi\u00f3logo,<br >Alg\u00f3logo\nintervencionista,<br >Manejo intervencionista del dolor,<br >Pain Control<\/p> <div  class=\"social-icons-group\" data-type=\"group\"> <a href=\"#\" target=\"_self\" data-reiki-hidden=\"true\" rel=\"noopener\"><i  class=\"fa icon fa-facebook-square gray\"><\/i><\/a> <a href=\"#\" target=\"_self\" data-reiki-hidden=\"true\" rel=\"noopener\"><i  class=\"fa icon fa-twitter-square gray\"><\/i><\/a> <a href=\"#\" target=\"_self\" data-reiki-hidden=\"true\" rel=\"noopener\"><i  class=\"fa icon fa-linkedin-square gray\"><\/i><\/a> <a href=\"#\" target=\"_self\" data-reiki-hidden=\"true\" rel=\"noopener\"><i  class=\"fa icon fa-google-plus-square gray\"><\/i><\/a><\/div> <\/div><\/div> <\/div>      <\/div> <\/div><\/div><div  id=\"content-14\" style=\"background-color: rgb(185, 213, 227); background-image: none;\" data-label=\"Content\" data-id=\"content-3\" data-export-id=\"content-3\" data-category=\"content\" class=\"content-3 content-section content-section-spacing content-relative\" data-section-ov=\"1\"><div  class=\"section-separator-top\">\n    <svg  class=\"section-separator-top\" data-separator-name=\"triangle-asymmetrical-negative\" preserveAspectRatio=\"none\" viewBox=\"0 0 1000 100\" xmlns=\"http:\/\/www.w3.org\/2000\/svg\">\n        <path  class=\"svg-white-bg\" d=\"M737.9,94.7L0,0v100h1000V0L737.9,94.7z\"><\/path>\n    <\/svg>\n<\/div><div > <div  class=\"row middle-xs\"><div  class=\"col-sm-7 full-col-left-padding full-col-right-padding\"> <div  class=\"row\"><div  data-type=\"column\" class=\"space-bottom-small content-title-col content-left-sm\">  <h2  class=\"\">\u00bfQuienes somos?<\/h2> <p  class=\"\">Grupo cl\u00ednico especializado en el diagn\u00f3stico y tratamiento integral del dolor cr\u00f3nico oncol\u00f3gico y no oncol\u00f3gico. Amplia experiencia, estudios y conocimientos espec\u00edficos, estudian y valoran en una amplia magnitud, los problemas del dolor rebelde cr\u00f3nico y plantean la estrategia a seguir en cada caso. Conseguir un diagn\u00f3stico correcto del dolor cr\u00f3nico es determinante para definir el tratamiento adecuado. Con el objetivo de aliviar el s\u00edntoma y mejorar la calidad de vida del paciente. Nuestro mayor objetivo es que el paciente encuentre el bienestar y que conf\u00ede en nosotros, por ello informamos tanto del estado como los avances y los procedimientos que realizamos en todo momento. Nuestra atenci\u00f3n es personalizada: escuchamos las necesidades de cada paciente, sus dolencias y aquello que le impide vivir su d\u00eda a d\u00eda de forma c\u00f3moda y la recuperaci\u00f3n funcional del paciente, a trav\u00e9s del abordaje multidisciplinar de la enfermedad. <\/p><\/div> <\/div> <div  class=\"row spaced-cols\" data-type=\"row\">   <div  class=\"col-xs-6\" data-type=\"column\"> <\/div>  <\/div><\/div> <div  class=\"col-sm-5 bg-image shadow-large-black revert-classes-holder\" data-bg=\"image\" style=\"background-image: url(&quot;https:\/\/especialistasdeldolor.com\/wp-content\/uploads\/2021\/01\/cropped-medicos.png&quot;);\"><\/div><\/div> <\/div><\/div><div  data-label=\"About\" data-id=\"about--1\" data-export-id=\"about-9\" data-category=\"about\" class=\"about-9 content-section content-section-spacing\" id=\"about-2\" style=\"background-color: rgb(232, 241, 250); background-image: none;\"><div  class=\"gridContainer\"> <div  class=\"row middle-sm text-center\"><div  class=\"col-sm-5 space-bottom-xs content-column content-right-sm\" data-type=\"column\">  <h2  class=\"\">Medicina<br ><font  face=\"Playfair Display, sans-serif\"><i >Intervencionista&nbsp;<\/i><\/font>del dolor<\/h2> <p  class=\"\">Es una disciplina de la medicina dedicada al diagn\u00f3stico y tratamiento del dolor y sus desordenes relacionados\u00bb.&nbsp;<\/p> <a class=\"button color1\" href=\"#\" target=\"_self\" data-cp-link=\"1\" rel=\"noopener\">Continuar\u2026<\/a><\/div> <div  class=\"col-sm-7 flexbox flexbox middle-xs center-xs space-bottom-xs\"><div  class=\"overlay-box flexbox middle-xs center-xs overlay-holder \"> <div  class=\"overlay-box-offset shadow-medium bg-color2 offset-background\"><\/div> <img decoding=\"async\"  class=\"flexbox shadow-large img1\" src=\"https:\/\/especialistasdeldolor.com\/wp-content\/uploads\/2021\/01\/cropped-anestesiologo3.png\" data-size=\"600x400\" title=\"cropped-anestesiologo3.png\" alt=\"\"><\/div> <\/div><\/div> <\/div><\/div><div  data-label=\"Content\" data-id=\"content--1\" data-export-id=\"content-8\" data-category=\"content\" class=\"content-8 content-section content-section-spacing\" id=\"content-15\" style=\"background-color: rgb(245, 250, 253);\"><div  class=\"gridContainer\"> <div  class=\"row middle-sm\"><div  class=\"col-sm-6 space-bottom-xs space-top-xs\" data-type=\"column\"> <img decoding=\"async\"  class=\"shadow-large\" src=\"https:\/\/especialistasdeldolor.com\/wp-content\/uploads\/2021\/01\/cropped-portada1-1.jpg\" title=\"cropped-portada1-1.jpg\" alt=\"\"><\/div> <div  class=\"col-sm-6\" data-type=\"column\"><h2  class=\"\">Cuidado Paliativos<\/h2> <p  class=\"\">Se centra su atenci\u00f3n en los enfermos terminales, es decir, aquellos cuya expectativa de vida es relativamente corta por causa de una enfermedad que no responde a los tratamientos curativos.Se centra su atenci\u00f3n en los enfermos terminales, es decir, aquellos cuya expectativa de vida es relativamente corta por causa de una enfermedad que no responde a los tratamientos curativos.<\/p> <a class=\"button color1\" href=\"#\" target=\"_self\" data-cp-link=\"1\" rel=\"noopener\">Continuar\u2026<\/a><\/div> <\/div><\/div> <\/div><div  id=\"overlappable-4\" style=\"background-color: rgb(245, 250, 253); background-image: none;\" data-label=\"Overlappable\" data-id=\"overlappable-4\" data-export-id=\"overlappable-4\" data-category=\"overlappable\" class=\"overlappable-4 content-section content-section-spacing\" data-overlap=\"true\"><div  class=\"gridContainer\"> <div  data-type=\"row\" class=\"row spaced-cols text-center center-sm content-center-sm\"><div  class=\"col-xs-12 col-sm-4 col-padding\"> <i  class=\"fa icon shadow-large-black aligncenter color1 fa-bullseye reverse round large\"><\/i> <div  data-type=\"column\" class=\"\"> <h5  class=\"\">DOLOR ONC\u00d3LOGICO<\/h5> <p  class=\"\">Se refiere a los dolores que pueden padecer pacientes oncol\u00f3gicos, bien por la progresi\u00f3n de la propia enfermedad o debido a los tratamientos y patolog\u00edas asociadas. Las caracter\u00edsticas del dolor oncol\u00f3gico son muy heterog\u00e9neas<\/p><\/div> <\/div> <div  class=\"col-xs-12 col-sm-4 col-padding\"> <i  class=\"fa icon shadow-large-black aligncenter color1 fa-bullseye reverse round large\"><\/i> <div  data-type=\"column\" class=\"\"><h5  class=\"\">DOLOR POSTQUIR\u00daRGICO<\/h5> <p  class=\"\">El dolor postquir\u00fargico o dolor postoperatorio es una consecuencia de una cirug\u00eda que puede remitir al cabo de unos d\u00edas o persistir e incluso agravarse<\/p><\/div> <\/div> <div  class=\"col-xs-12 col-sm-4 col-padding\"> <i  class=\"fa icon shadow-large-black aligncenter color1 fa-bullseye reverse round large\"><\/i> <div  data-type=\"column\" class=\"\"><h5  class=\"\">DOLOR ARTICULAR<\/h5> <p  class=\"\">El dolor que se origina en las articulaciones procede con frecuencia de estructuras externas, como pueden ser los m\u00fasculos, los tendones o los ligamentos, como por ejemplo son la bursitis y la tendinitis<\/p><\/div> <\/div><div  class=\"col-xs-12 col-sm-4 col-padding\"> <i  class=\"fa icon shadow-large-black aligncenter color1 fa-bullseye reverse round large\"><\/i> <div  data-type=\"column\" class=\"\"> <h5  class=\"\">DOLOR NEUROP\u00c1TICO<\/h5> <p  class=\"\">El dolor neurop\u00e1tico es una condici\u00f3n dolorosa derivada de la alteraci\u00f3n de estructuras del sistema nervioso central (cerebro y m\u00e9dula) y perif\u00e9rico (nervios perif\u00e9ricos)<\/p><\/div> <\/div><\/div> <\/div><\/div><div  id=\"cta-1\" data-label=\"Cta\" data-id=\"cta-blue-section\" data-export-id=\"cta-blue-section\" data-category=\"cta\" class=\"cta-blue-section content-section content-section-spacing-medium bg-color1 white-text\" style=\"background-image: none; background-color: rgb(64, 139, 228);\"><div  class=\"gridContainer\"> <div  class=\"row middle-xs\"><div  class=\"col-sm-8 space-bottom-xs\" data-type=\"column\"> <h2  class=\"\">Patolog\u00edas<\/h2> <\/div> <div  class=\"col-sm-4 end-sm\" data-type=\"column\"> <a class=\"button color1\" href=\"https:\/\/especialistasdeldolor.com\/index.php\/patologia\" target=\"_self\" data-cp-link=\"1\" rel=\"noopener\" data-icon=\"\">Ir\u2026<\/a><\/div> <\/div><\/div> <\/div><div  id=\"portfolio-3\" style=\"background-color: #f5fafd;\" data-label=\"Portfolio\" data-id=\"portfolio-4\" data-export-id=\"portfolio-4\" data-category=\"portfolio\" class=\"portfolio-4 content-section content-section-spacing-top content-relative\"><div  class=\"\"> <div  class=\"row text-center\"><div  class=\"section-title-col\" data-type=\"column\"> <h2  class=\"\">Diferentes ubicaciones de dolor<\/h2> <p  class=\"lead\">\u2026\u2026\u2026\u2026\u2026\u2026\u2026<\/p><\/div> <\/div> <div  data-type=\"row\" class=\"row\" data-fixed=\"true\"> <div  class=\"col-xs-12 col-sm-3 no-gutter-col\"> <div  class=\"contentswap-effect\" data-hover-fx=\"portfolio-4\"> <div  class=\"initial-image\"> <img decoding=\"async\"  data-size=\"542x360\" src=\"https:\/\/especialistasdeldolor.com\/wp-content\/uploads\/2021\/01\/cropped-dolor-de-espalda.png\"><\/div> <div  class=\"overlay bg-color1\"><\/div> <div  class=\"swap-inner col-xs-12\"> <div  class=\"row full-height-row middle-xs middle-sm\"> <div  class=\"col-xs-12 text-center content-holder\"> <a href=\"https:\/\/especialistasdeldolor.com\/index.php\/sindrome-facetario\" target=\"_self\" rel=\"noopener\"><i  class=\"fa icon portfolio-icon fa-search big color-black\" aria-hidden=\"true\"><\/i><\/a><\/div> <\/div><\/div> <\/div><\/div> <div  class=\"col-xs-12 col-sm-3 no-gutter-col\"><div  class=\"contentswap-effect\" data-hover-fx=\"portfolio-4\"> <div  class=\"initial-image\"> <img decoding=\"async\"  data-size=\"542x360\" src=\"https:\/\/especialistasdeldolor.com\/wp-content\/uploads\/2021\/01\/cropped-dolor-de-columna.png\"><\/div> <div  class=\"overlay bg-color1\"><\/div> <div  class=\"swap-inner col-xs-12\"> <div  class=\"row full-height-row middle-xs middle-sm\"> <div  class=\"col-xs-12 text-center content-holder\"> <a href=\"https:\/\/especialistasdeldolor.com\/index.php\/dolor-de-espalda-2\" target=\"_self\" rel=\"noopener\"><i  class=\"fa icon portfolio-icon fa-search big color-black\" aria-hidden=\"true\"><\/i><\/a><\/div> <\/div><\/div> <\/div><\/div> <div  class=\"col-xs-12 col-sm-3 no-gutter-col\"><div  class=\"contentswap-effect\" data-hover-fx=\"portfolio-4\"> <div  class=\"initial-image\"> <img decoding=\"async\"  data-size=\"542x360\" src=\"https:\/\/especialistasdeldolor.com\/wp-content\/uploads\/2021\/01\/cropped-dolor-de-hombro.png\"><\/div> <div  class=\"overlay bg-color1\"><\/div> <div  class=\"swap-inner col-xs-12\"> <div  class=\"row full-height-row middle-xs middle-sm\"> <div  class=\"col-xs-12 text-center content-holder\"> <a href=\"https:\/\/especialistasdeldolor.com\/index.php\/artrosis-de-hombro\" target=\"_self\" rel=\"noopener\"><i  class=\"fa icon portfolio-icon fa-search big color-black\" aria-hidden=\"true\"><\/i><\/a><\/div> <\/div><\/div> <\/div><\/div> <div  class=\"col-xs-12 col-sm-3 no-gutter-col\"><div  class=\"contentswap-effect\" data-hover-fx=\"portfolio-4\"> <div  class=\"initial-image\"> <img decoding=\"async\"  data-size=\"542x360\" src=\"https:\/\/especialistasdeldolor.com\/wp-content\/uploads\/2021\/01\/cropped-Neuralgia-del-Trigemino.jpg\"><\/div> <div  class=\"overlay bg-color1\"><\/div> <div  class=\"swap-inner col-xs-12\"> <div  class=\"row full-height-row middle-xs middle-sm\"> <div  class=\"col-xs-12 text-center content-holder\"> <a href=\"https:\/\/especialistasdeldolor.com\/index.php\/articular\" target=\"_self\" rel=\"noopener\"><i  class=\"fa icon portfolio-icon fa-search big color-black\" aria-hidden=\"true\"><\/i><\/a><\/div> <\/div><\/div> <\/div><\/div> <div  class=\"col-xs-12 col-sm-3 no-gutter-col\"><div  class=\"contentswap-effect\" data-hover-fx=\"portfolio-4\"> <div  class=\"initial-image\"> <img decoding=\"async\"  data-size=\"542x360\" src=\"https:\/\/especialistasdeldolor.com\/wp-content\/uploads\/2021\/01\/cropped-dolor-de-muneca.png\"><\/div> <div  class=\"overlay bg-color1\"><\/div> <div  class=\"swap-inner col-xs-12\"> <div  class=\"row full-height-row middle-xs middle-sm\"> <div  class=\"col-xs-12 text-center content-holder\"> <a href=\"https:\/\/especialistasdeldolor.com\/index.php\/artrosis-de-muneca\" target=\"_self\" rel=\"noopener\"><i  class=\"fa icon portfolio-icon fa-search big color-black\" aria-hidden=\"true\"><\/i><\/a><\/div> <\/div><\/div> <\/div><\/div> <div  class=\"col-xs-12 col-sm-3 no-gutter-col\"><div  class=\"contentswap-effect\" data-hover-fx=\"portfolio-4\"> <div  class=\"initial-image\"> <img decoding=\"async\"  data-size=\"542x360\" src=\"https:\/\/especialistasdeldolor.com\/wp-content\/uploads\/2021\/01\/cropped-Vulvodinia.jpg\"><\/div> <div  class=\"overlay bg-color1\"><\/div> <div  class=\"swap-inner col-xs-12\"> <div  class=\"row full-height-row middle-xs middle-sm\"> <div  class=\"col-xs-12 text-center content-holder\"> <a href=\"https:\/\/especialistasdeldolor.com\/index.php\/vulvodinia\" target=\"_self\" rel=\"noopener\"><i  class=\"fa icon portfolio-icon fa-search big color-black\" aria-hidden=\"true\"><\/i><\/a><\/div> <\/div><\/div> <\/div><\/div> <div  class=\"col-xs-12 col-sm-3 no-gutter-col\"><div  class=\"contentswap-effect\" data-hover-fx=\"portfolio-4\"> <div  class=\"initial-image\"> <img decoding=\"async\"  data-size=\"542x360\" src=\"https:\/\/especialistasdeldolor.com\/wp-content\/uploads\/2021\/01\/cropped-artrose-no-hombro.jpg\"><\/div> <div  class=\"overlay bg-color1\"><\/div> <div  class=\"swap-inner col-xs-12\"> <div  class=\"row full-height-row middle-xs middle-sm\"> <div  class=\"col-xs-12 text-center content-holder\"> <a href=\"https:\/\/especialistasdeldolor.com\/index.php\/artrosis-de-hombro\" target=\"_self\" rel=\"noopener\"><i  class=\"fa icon portfolio-icon fa-search big color-black\" aria-hidden=\"true\"><\/i><\/a><\/div> <\/div><\/div> <\/div><\/div> <div  class=\"col-xs-12 col-sm-3 no-gutter-col\"><div  class=\"contentswap-effect\" data-hover-fx=\"portfolio-4\"> <div  class=\"initial-image\"> <img decoding=\"async\"  data-size=\"542x360\" src=\"https:\/\/especialistasdeldolor.com\/wp-content\/uploads\/2021\/01\/cropped-dolor-de-rodilla.png\"><\/div> <div  class=\"overlay bg-color1\"><\/div> <div  class=\"swap-inner col-xs-12\"> <div  class=\"row full-height-row middle-xs middle-sm\"> <div  class=\"col-xs-12 text-center content-holder\"> <a href=\"https:\/\/especialistasdeldolor.com\/index.php\/artrosis-de-rodilla\" target=\"_self\" rel=\"noopener\"><i  class=\"fa icon portfolio-icon fa-search big color-black\" aria-hidden=\"true\"><\/i><\/a><\/div> <\/div><\/div> <\/div><\/div> <\/div><\/div> <\/div><div  id=\"contact-1\" data-label=\"Contact\" data-id=\"contact-1\" data-export-id=\"contact-1\" data-category=\"contact\" class=\"contact-1 content-section content-section-spacing white-text content-relative\" data-parallax-depth=\"20\" style=\"background-image: url(&quot;https:\/\/especialistasdeldolor.com\/wp-content\/uploads\/2021\/01\/medicos-scaled.jpg&quot;); background-size: cover; background-position: center top;\"><div  class=\"gridContainer\"> <div  class=\"row text-center\"><div  class=\"section-title-col\" data-type=\"column\"> <h2  class=\"\">Contactenos \u00a1ahora!<\/h2> <p  class=\"lead\">Estamos atentos para aclarar sus dudas\u2026<\/p><\/div> <\/div> <div  class=\"row text-center\"> <div  class=\"col-xs-12 col-sm-8 col-sm-offset-2 contact-form-wrapper inline-info\"> <div  class=\"card large-padding\"> <div  class=\"\" data-content-shortcode=\"mesmerize_contact_form shortcode=&quot;wpforms id=&amp;amp;quot;1736&amp;amp;quot;&quot;\" data-editable=\"true\"><div class=\"wpforms-container wpforms-container-full\" id=\"wpforms-1736\"><form id=\"wpforms-form-1736\" class=\"wpforms-validate wpforms-form\" data-formid=\"1736\" method=\"post\" enctype=\"multipart\/form-data\" action=\"\/index.php\/wp-json\/wp\/v2\/pages\/1460\" data-token=\"ab1d8cee8e71da56f18f6d6b5293e1a2\" data-token-time=\"1776371924\"><noscript class=\"wpforms-error-noscript\">Por favor, activa JavaScript en tu navegador para completar este formulario.<\/noscript><div class=\"wpforms-field-container\"><div id=\"wpforms-1736-field_0-container\" class=\"wpforms-field wpforms-field-name\" data-field-id=\"0\"><label class=\"wpforms-field-label\" for=\"wpforms-1736-field_0\">Nombre <span class=\"wpforms-required-label\">*<\/span><\/label><input type=\"text\" id=\"wpforms-1736-field_0\" class=\"wpforms-field-large wpforms-field-required\" name=\"wpforms[fields][0]\" required><\/div><div id=\"wpforms-1736-field_4-container\" class=\"wpforms-field wpforms-field-number\" data-field-id=\"4\"><label class=\"wpforms-field-label\" for=\"wpforms-1736-field_4\">N\u00famero de Celular <span class=\"wpforms-required-label\">*<\/span><\/label><input type=\"number\" id=\"wpforms-1736-field_4\" class=\"wpforms-field-medium wpforms-field-required\" name=\"wpforms[fields][4]\" required><\/div><div id=\"wpforms-1736-field_1-container\" class=\"wpforms-field wpforms-field-email\" data-field-id=\"1\"><label class=\"wpforms-field-label\" for=\"wpforms-1736-field_1\">Email <span class=\"wpforms-required-label\">*<\/span><\/label><input type=\"email\" id=\"wpforms-1736-field_1\" class=\"wpforms-field-large wpforms-field-required\" name=\"wpforms[fields][1]\" spellcheck=\"false\" required><\/div><div id=\"wpforms-1736-field_2-container\" class=\"wpforms-field wpforms-field-textarea\" data-field-id=\"2\"><label class=\"wpforms-field-label\" for=\"wpforms-1736-field_2\">Contenido del correo <span class=\"wpforms-required-label\">*<\/span><\/label><textarea id=\"wpforms-1736-field_2\" class=\"wpforms-field-large wpforms-field-required\" name=\"wpforms[fields][2]\" required><\/textarea><\/div><\/div><!-- .wpforms-field-container --><div class=\"wpforms-field wpforms-field-hp\"><label for=\"wpforms-1736-field-hp\" class=\"wpforms-field-label\">Email<\/label><input type=\"text\" name=\"wpforms[hp]\" id=\"wpforms-1736-field-hp\" class=\"wpforms-field-medium\"><\/div><div class=\"wpforms-submit-container\" ><input type=\"hidden\" name=\"wpforms[id]\" value=\"1736\"><input type=\"hidden\" name=\"page_title\" value=\"\"><input type=\"hidden\" name=\"page_url\" value=\"https:\/\/especialistasdeldolor.com\/index.php\/wp-json\/wp\/v2\/pages\/1460\"><button type=\"submit\" name=\"wpforms[submit]\" id=\"wpforms-submit-1736\" class=\"wpforms-submit button color1\" data-alt-text=\"Sending...\" data-submit-text=\"Enviar\" aria-live=\"assertive\" value=\"wpforms-submit\">Enviar<\/button><\/div><\/form><\/div>  <!-- .wpforms-container --><\/div><\/div> <\/div><\/div> <\/div><div  class=\"section-separator-bottom\">\n    <svg  class=\"section-separator-bottom\" data-separator-name=\"triangle-asymmetrical-negative\" preserveAspectRatio=\"none\" viewBox=\"0 0 1000 100\" xmlns=\"http:\/\/www.w3.org\/2000\/svg\">\n        <path  class=\"svg-white-bg\" d=\"M737.9,94.7L0,0v100h1000V0L737.9,94.7z\"><\/path>\n    <\/svg>\n<\/div><\/div>","protected":false},"excerpt":{"rendered":"<p>M\u00e9dicos especialistas Equipo conformado por: Dra. Elizabeth Delgado Medic\u00edna del dolor,Cuidados paliativos Dr. Oscar Ernesto Esquivel Anestesi\u00f3logo,Alg\u00f3logo intervencionista,Manejo intervencionista del dolor,Pain Control \u00bfQuienes somos? Grupo cl\u00ednico especializado en el diagn\u00f3stico y tratamiento integral del dolor cr\u00f3nico oncol\u00f3gico y no oncol\u00f3gico. Amplia experiencia, estudios y conocimientos espec\u00edficos, estudian y valoran en una amplia magnitud, los problemas&hellip; <br \/> <a class=\"read-more\" href=\"https:\/\/especialistasdeldolor.com\/\">Leer m\u00e1s<\/a><\/p>\n","protected":false},"author":1,"featured_media":0,"parent":0,"menu_order":0,"comment_status":"closed","ping_status":"closed","template":"page-templates\/homepage.php","meta":{"footnotes":""},"_links":{"self":[{"href":"https:\/\/especialistasdeldolor.com\/index.php\/wp-json\/wp\/v2\/pages\/1460"}],"collection":[{"href":"https:\/\/especialistasdeldolor.com\/index.php\/wp-json\/wp\/v2\/pages"}],"about":[{"href":"https:\/\/especialistasdeldolor.com\/index.php\/wp-json\/wp\/v2\/types\/page"}],"author":[{"embeddable":true,"href":"https:\/\/especialistasdeldolor.com\/index.php\/wp-json\/wp\/v2\/users\/1"}],"replies":[{"embeddable":true,"href":"https:\/\/especialistasdeldolor.com\/index.php\/wp-json\/wp\/v2\/comments?post=1460"}],"version-history":[{"count":38,"href":"https:\/\/especialistasdeldolor.com\/index.php\/wp-json\/wp\/v2\/pages\/1460\/revisions"}],"predecessor-version":[{"id":1856,"href":"https:\/\/especialistasdeldolor.com\/index.php\/wp-json\/wp\/v2\/pages\/1460\/revisions\/1856"}],"wp:attachment":[{"href":"https:\/\/especialistasdeldolor.com\/index.php\/wp-json\/wp\/v2\/media?parent=1460"}],"curies":[{"name":"wp","href":"https:\/\/api.w.org\/{rel}","templated":true}]}}