{"id":1258,"date":"2021-01-12T18:36:33","date_gmt":"2021-01-12T18:36:33","guid":{"rendered":"https:\/\/especialistasdeldolor.com\/?page_id=1258"},"modified":"2022-01-18T23:08:35","modified_gmt":"2022-01-18T23:08:35","slug":"patologia","status":"publish","type":"page","link":"https:\/\/especialistasdeldolor.com\/index.php\/patologia\/","title":{"rendered":"Patolog\u00edas"},"content":{"rendered":"\n<ul><li><a href=\"https:\/\/especialistasdeldolor.com\/index.php\/artosis\/\">Artrosis<\/a><\/li><\/ul>\n\n\n\n<ul><li><a href=\"https:\/\/especialistasdeldolor.com\/index.php\/dolor-de-espalda-2\/\">Dolor de espalda<\/a><\/li><\/ul>\n\n\n\n<ul><li><a href=\"https:\/\/especialistasdeldolor.com\/index.php\/dolor-cronico-pelvico\/\">Dolor cr\u00f3nico pelvico<\/a><\/li><\/ul>\n\n\n\n<ul><li><a href=\"https:\/\/especialistasdeldolor.com\/index.php\/ciatica-o-radiculopatia\/\">Ci\u00e1tica o radiculopat\u00eda<\/a><\/li><\/ul>\n\n\n\n<ul><li><a href=\"https:\/\/especialistasdeldolor.com\/index.php\/fractura-vertebral-por-compresion\/\">Fractura vertebral por compresi\u00f3n<\/a><\/li><\/ul>\n\n\n\n<ul><li><a href=\"https:\/\/especialistasdeldolor.com\/index.php\/neuralgia-del-trigemino\/\">Neuralgia del trig\u00e9mino<\/a><\/li><\/ul>\n\n\n\n<ul><li><a href=\"https:\/\/especialistasdeldolor.com\/index.php\/neuralgia-del-glosofaringeo\/\">Neuralgia del glosofar\u00edngeo<\/a><\/li><\/ul>\n\n\n\n<ul><li><a href=\"https:\/\/especialistasdeldolor.com\/index.php\/neuralgia-del-nervio-intermediario\/\">Neuralgia del nervio intermediario<\/a><\/li><\/ul>\n\n\n\n<ul><li><a href=\"https:\/\/especialistasdeldolor.com\/index.php\/neuralgia-occipital\/\">Neuralgia occipital<\/a><\/li><\/ul>\n\n\n\n<ul><li><a href=\"https:\/\/especialistasdeldolor.com\/index.php\/neuralgia-postherpetica\/\">Neuralgia postherp\u00e9tica<\/a><\/li><\/ul>\n\n\n\n<ul><li><a href=\"https:\/\/especialistasdeldolor.com\/index.php\/neuralgias-del-pudendo\/\">Neuralgia del pudendo<\/a><\/li><\/ul>\n\n\n\n<ul><li><a href=\"https:\/\/especialistasdeldolor.com\/index.php\/sindrome-piramidal\/\">S\u00edndrome piramidal<\/a><\/li><\/ul>\n\n\n\n<ul><li><a href=\"https:\/\/especialistasdeldolor.com\/index.php\/vulvodinia\/\">Vulvod\u00ednia<\/a><\/li><\/ul>\n\n\n\n<ul><li><a href=\"https:\/\/especialistasdeldolor.com\/index.php\/neurolisis-de-plexo-solar-bloqueo-esplacnico-celiaco\/\">Neurolisis de plexo solar-Bloqueo esplacnico celiaco<\/a><\/li><\/ul>\n\n\n\n<ul><li><a href=\"https:\/\/especialistasdeldolor.com\/index.php\/denervacion-de-rodilla-rizotomia-de-nervios-geniculados\/\">Denervaci\u00f3n de rodilla-Rizotomia de nervios geniculados<\/a><\/li><\/ul>\n\n\n\n<ul><li><a href=\"https:\/\/especialistasdeldolor.com\/index.php\/neuroplastia-foraminal\/\">Neuroplastia foraminal<\/a><\/li><\/ul>\n\n\n\n<ul><li><a href=\"https:\/\/especialistasdeldolor.com\/index.php\/denervacion-de-cadera\/\">Denervaci\u00f3n de cadera<\/a><\/li><\/ul>\n\n\n\n<ul><li><a href=\"https:\/\/especialistasdeldolor.com\/index.php\/discografia-discolisis\/\">Discograf\u00eda-discolisis<\/a><\/li><\/ul>\n\n\n\n<ul><li><a href=\"https:\/\/especialistasdeldolor.com\/index.php\/simpatectomia-lumbar\/\">Simpatectomia lumbar<\/a><\/li><\/ul>\n\n\n\n<ul><li><a href=\"https:\/\/especialistasdeldolor.com\/index.php\/epidurografia\/\">Epidurografia<\/a><\/li><\/ul>\n\n\n\n<figure class=\"wp-block-image size-medium is-style-rounded\"><img loading=\"lazy\" decoding=\"async\" width=\"300\" height=\"184\" src=\"https:\/\/especialistasdeldolor.com\/wp-content\/uploads\/2021\/01\/medicos-1-300x184.jpg\" alt=\"\" class=\"wp-image-1760\" srcset=\"https:\/\/especialistasdeldolor.com\/wp-content\/uploads\/2021\/01\/medicos-1-300x184.jpg 300w, https:\/\/especialistasdeldolor.com\/wp-content\/uploads\/2021\/01\/medicos-1.jpg 564w\" sizes=\"(max-width: 300px) 100vw, 300px\" \/><\/figure>\n","protected":false},"excerpt":{"rendered":"<p>Artrosis Dolor de espalda Dolor cr\u00f3nico pelvico Ci\u00e1tica o radiculopat\u00eda Fractura vertebral por compresi\u00f3n Neuralgia del trig\u00e9mino Neuralgia del glosofar\u00edngeo Neuralgia del nervio intermediario Neuralgia occipital Neuralgia postherp\u00e9tica Neuralgia del pudendo S\u00edndrome piramidal Vulvod\u00ednia Neurolisis de plexo solar-Bloqueo esplacnico celiaco Denervaci\u00f3n de rodilla-Rizotomia de nervios geniculados Neuroplastia foraminal Denervaci\u00f3n de cadera Discograf\u00eda-discolisis Simpatectomia lumbar Epidurografia<\/p>\n","protected":false},"author":1,"featured_media":0,"parent":0,"menu_order":0,"comment_status":"closed","ping_status":"closed","template":"","meta":{"footnotes":""},"_links":{"self":[{"href":"https:\/\/especialistasdeldolor.com\/index.php\/wp-json\/wp\/v2\/pages\/1258"}],"collection":[{"href":"https:\/\/especialistasdeldolor.com\/index.php\/wp-json\/wp\/v2\/pages"}],"about":[{"href":"https:\/\/especialistasdeldolor.com\/index.php\/wp-json\/wp\/v2\/types\/page"}],"author":[{"embeddable":true,"href":"https:\/\/especialistasdeldolor.com\/index.php\/wp-json\/wp\/v2\/users\/1"}],"replies":[{"embeddable":true,"href":"https:\/\/especialistasdeldolor.com\/index.php\/wp-json\/wp\/v2\/comments?post=1258"}],"version-history":[{"count":8,"href":"https:\/\/especialistasdeldolor.com\/index.php\/wp-json\/wp\/v2\/pages\/1258\/revisions"}],"predecessor-version":[{"id":1936,"href":"https:\/\/especialistasdeldolor.com\/index.php\/wp-json\/wp\/v2\/pages\/1258\/revisions\/1936"}],"wp:attachment":[{"href":"https:\/\/especialistasdeldolor.com\/index.php\/wp-json\/wp\/v2\/media?parent=1258"}],"curies":[{"name":"wp","href":"https:\/\/api.w.org\/{rel}","templated":true}]}}