{"id":1253,"date":"2021-01-12T18:33:28","date_gmt":"2021-01-12T18:33:28","guid":{"rendered":"https:\/\/especialistasdeldolor.com\/?page_id=1253"},"modified":"2021-01-13T01:37:06","modified_gmt":"2021-01-13T01:37:06","slug":"valoracion-medica","status":"publish","type":"page","link":"https:\/\/especialistasdeldolor.com\/index.php\/valoracion-medica\/","title":{"rendered":"Evaluaci\u00f3n m\u00e9dica"},"content":{"rendered":"\n<p><strong>1\u00aa CONSULTA<\/strong>\u00a0 \u00a0 <\/p>\n\n\n\n<p>1. Elaboraci\u00f3n de una cuidadosa historia cl\u00ednica del paciente<\/p>\n\n\n\n<p>2. Evaluaci\u00f3n diagn\u00f3stica se realiza con estudios radiol\u00f3gicos como son:\u00a0 \u00a0<\/p>\n\n\n\n<div class=\"wp-block-columns is-layout-flex wp-container-core-columns-layout-1 wp-block-columns-is-layout-flex\">\n<div class=\"wp-block-column is-layout-flow wp-block-column-is-layout-flow\" style=\"flex-basis:100%\">\n<div class=\"wp-block-group\"><div class=\"wp-block-group__inner-container is-layout-flow wp-block-group-is-layout-flow\">\n<p>&#8211; Radiograf\u00eda simple\u00a0 \u00a0<\/p>\n\n\n\n<p>&#8211; Resonancia magn\u00e9tica\u00a0 \u00a0 <\/p>\n\n\n\n<p>&#8211; Tomograf\u00eda axial computarizada\u00a0 \u00a0 <\/p>\n\n\n\n<p>&#8211; Densitometr\u00eda<\/p>\n\n\n\n<p>&#8211; Electromiograf\u00eda y Potenciales somatosensoriales\u00a0 \u00a0<\/p>\n\n\n\n<p>&#8211; Exploraci\u00f3n f\u00edsica muy detallada con pruebas funcionales y neurol\u00f3gicas\u00a0 <\/p>\n<\/div><\/div>\n<\/div>\n<\/div>\n\n\n\n<p>3. Explica al paciente y a la familia de lo encontrado en la valoraci\u00f3n para darle un diagn\u00f3stico m\u00e1s espec\u00edfico de su problema de dolor y de las posibilidades y alcanc\u00e9 del manejo de la problem\u00e1tica\u00a0 \u00a0<\/p>\n\n\n\n<p>4. Planificar y consecuente se explicar el tratamiento intervencionista de los alcance y riesgos\u00a0 \u00a0<\/p>\n\n\n\n<p>5. En caso de que el paciente cuente con seguro de gastos m\u00e9dicos mayores, identificarlo y elaborar un expl\u00edcito informe m\u00e9dico del plan de tratamiento y de los requerimientos que el seguro necesite para apoyar al tratamiento del paciente.<\/p>\n","protected":false},"excerpt":{"rendered":"<p>1\u00aa CONSULTA\u00a0 \u00a0 1. Elaboraci\u00f3n de una cuidadosa historia cl\u00ednica del paciente 2. Evaluaci\u00f3n diagn\u00f3stica se realiza con estudios radiol\u00f3gicos como son:\u00a0 \u00a0 &#8211; Radiograf\u00eda simple\u00a0 \u00a0 &#8211; Resonancia magn\u00e9tica\u00a0 \u00a0 &#8211; Tomograf\u00eda axial computarizada\u00a0 \u00a0 &#8211; Densitometr\u00eda &#8211; Electromiograf\u00eda y Potenciales somatosensoriales\u00a0 \u00a0 &#8211; Exploraci\u00f3n f\u00edsica muy detallada con pruebas funcionales y neurol\u00f3gicas\u00a0 3.&hellip; <br \/> <a class=\"read-more\" href=\"https:\/\/especialistasdeldolor.com\/index.php\/valoracion-medica\/\">Leer m\u00e1s<\/a><\/p>\n","protected":false},"author":1,"featured_media":0,"parent":0,"menu_order":0,"comment_status":"closed","ping_status":"closed","template":"","meta":{"footnotes":""},"_links":{"self":[{"href":"https:\/\/especialistasdeldolor.com\/index.php\/wp-json\/wp\/v2\/pages\/1253"}],"collection":[{"href":"https:\/\/especialistasdeldolor.com\/index.php\/wp-json\/wp\/v2\/pages"}],"about":[{"href":"https:\/\/especialistasdeldolor.com\/index.php\/wp-json\/wp\/v2\/types\/page"}],"author":[{"embeddable":true,"href":"https:\/\/especialistasdeldolor.com\/index.php\/wp-json\/wp\/v2\/users\/1"}],"replies":[{"embeddable":true,"href":"https:\/\/especialistasdeldolor.com\/index.php\/wp-json\/wp\/v2\/comments?post=1253"}],"version-history":[{"count":5,"href":"https:\/\/especialistasdeldolor.com\/index.php\/wp-json\/wp\/v2\/pages\/1253\/revisions"}],"predecessor-version":[{"id":1631,"href":"https:\/\/especialistasdeldolor.com\/index.php\/wp-json\/wp\/v2\/pages\/1253\/revisions\/1631"}],"wp:attachment":[{"href":"https:\/\/especialistasdeldolor.com\/index.php\/wp-json\/wp\/v2\/media?parent=1253"}],"curies":[{"name":"wp","href":"https:\/\/api.w.org\/{rel}","templated":true}]}}